{"id":2344,"date":"2021-04-26T10:20:26","date_gmt":"2021-04-26T10:20:26","guid":{"rendered":"https:\/\/www.makhtoum98.com\/?page_id=2344"},"modified":"2021-06-14T05:26:18","modified_gmt":"2021-06-14T05:26:18","slug":"mode-de-payement","status":"publish","type":"page","link":"https:\/\/makhtoum98.tn\/en\/mode-de-payement\/","title":{"rendered":"Mode de paiement"},"content":{"rendered":"<h3>COMMENT PUIS-JE PAYER MES COMMANDES ?<\/h3>\n<p>Sur\u00a0<strong>Makhtoum98.com<\/strong>, nous vous proposons diff\u00e9rents moyens de paiement :<\/p>\n<ul>\n<li>Paiement s\u00e9curis\u00e9 par cartes bancaires locales (CIB, Visa, Mastercard, etc.)<\/li>\n<li>Paiement directe \u00e0 la livraison<\/li>\n<li>Paiement par ch\u00e8que bancaire<\/li>\n<li>Paiement par virement ou versement bancaire<\/li>\n<li>Paiement par mandat postal ordinaire ou par mandat minute<\/li>\n<\/ul>\n<p><strong>Makhtoum98.com<\/strong> vous recommande fortement le paiement par carte bancaire qui est un moyen simple, rapide et s\u00e9curis\u00e9 pour acheter en ligne.<\/p>\n<h3>QUELLE CARTE BANCAIRE ?<\/h3>\n<p>Toutes les\u00a0<strong>cartes bancaires domestiques<\/strong>\u00a0sont accept\u00e9es.\u00a0La transmission de vos informations personnelles et de vos donn\u00e9es bancaires est enti\u00e8rement s\u00e9curis\u00e9e. Le proc\u00e9d\u00e9 de cryptage SSL est utilis\u00e9 pour la transmission de vos donn\u00e9es de paiement. Ce cryptage permet d&rsquo;assurer un niveau de s\u00e9curit\u00e9 \u00e9lev\u00e9 pour vos transactions.<\/p>\n<p>Ces informations sont uniquement accessibles \u00e0 notre partenaire bancaire, afin qu&rsquo;il puisse se mettre en relation avec votre banque. A aucun moment <strong>Makhtoum98.com<\/strong>, ou tout autre tiers, ne peut acc\u00e9der \u00e0 vos donn\u00e9es bancaires.<\/p>\n<h3>EST-CE POSSIBLE DE PAYER \u00c0 LA LIVRAISON EN CASH ?<\/h3>\n<p>Le paiement \u00e0 la livraison est possible. Le r\u00e8glement sera fait directement au livreur en esp\u00e8ce ou par ch\u00e8que bancaire. Si vous optez pour le colis postal contre remboursement, le colis vous sera remis une fois le paiement effectu\u00e9 dans le bureau de poste.<\/p>\n<p>&#8230; ET LE VIREMENT\u00a0\/\u00a0VERSEMENT BANCAIRE?<\/p>\n<p>Le virement ou le versement bancaire \u00e0 partir de la Tunisie est possible.<strong>\u00a0<\/strong>D\u00e8s que nous avons la confirmation que la somme due a bien \u00e9t\u00e9 vers\u00e9e sur le compte et qu&rsquo;elle correspond exactement \u00e0 votre commande, nous exp\u00e9dions votre,colis.<br \/>\nVoici nos coordonn\u00e9es bancaires:<\/p>\n<p>Versement \/ virement bancaire au nom de <strong>Soci\u00e9t\u00e9 Makhtoum98<\/strong><\/p>\n<ul>\n<li><strong>Banque<\/strong>: WIFAK banque<\/li>\n<li><strong>Domiciliation<\/strong>: Agence M\u00e9denine 4100<\/li>\n<li><strong>Num\u00e9ro de compte<\/strong>: 47 000 0000000115227 15<\/li>\n<li><strong>Titulaire du compte<\/strong>: Soci\u00e9t\u00e9 Makhtoum98<\/li>\n<li><strong>Num\u00e9ro IBAN\u00a0<\/strong>:<\/li>\n<\/ul>\n<p><strong>Makhtoum98.com<\/strong>\u00a0vous recommande fortement, si vous optez pour ce mode de paiement, de ne pas oublier d&rsquo;indiquer la r\u00e9f\u00e9rence de la commande dans le champ \u00ab\u00a0Communication\u00a0\u00bb de l&rsquo;op\u00e9ration bancaire. Sans cette information votre paiement ne pourra \u00eatre valid\u00e9, car des recherches du payeur seront n\u00e9cessaires et fastidieuses avec pour cons\u00e9quence un retard de validation de paiement et donc d\u2019exp\u00e9dition du colis.<\/p>\n<p>Nous vous recommandons aussi de nous envoyer un e-mail de confirmation du paiement, cela pourra vous faire gagner du temps!<\/p>\n<p><em>Attention, le paiement par virement bancaire entra\u00eene syst\u00e9matiquement un traitement minimum de trois jours.<\/em><\/p>\n<h3>COMMENT PAYER DEPUIS L\u2019\u00c9TRANGER?<\/h3>\n<p>Contactez nous par e-mail (contact@makhtoum98.com) ou par t\u00e9l\u00e9phone en appelant le (+216) 28\u00a0084 896, pour vous communiquer les coordonn\u00e9es bancaires n\u00e9cessaires.<\/p>\n<h3>SERVICE CLIENT<\/h3>\n<p>Vous pouvez nous \u00e9crire<strong>\u00a0<\/strong>sur\u00a0l\u2019adresse mail:\u00a0contact@makhtoum98.com ou\u00a0nous contacter par t\u00e9l\u00e9phone sur le<strong>\u00a0<\/strong>(+216) 28\u00a0084 896<\/p>","protected":false},"excerpt":{"rendered":"<p>COMMENT PUIS-JE PAYER MES COMMANDES ? Sur\u00a0Makhtoum98.com, nous vous proposons diff\u00e9rents moyens de paiement : Paiement s\u00e9curis\u00e9 par cartes bancaires locales (CIB, Visa, Mastercard, etc.) Paiement directe \u00e0 la livraison Paiement par ch\u00e8que bancaire Paiement par virement ou versement bancaire Paiement par mandat postal ordinaire ou par mandat minute Makhtoum98.com vous recommande fortement le paiement [&hellip;]<\/p>\n","protected":false},"author":1,"featured_media":0,"parent":0,"menu_order":0,"comment_status":"closed","ping_status":"closed","template":"","meta":{"footnotes":""},"class_list":["post-2344","page","type-page","status-publish","hentry"],"_links":{"self":[{"href":"https:\/\/makhtoum98.tn\/en\/wp-json\/wp\/v2\/pages\/2344","targetHints":{"allow":["GET"]}}],"collection":[{"href":"https:\/\/makhtoum98.tn\/en\/wp-json\/wp\/v2\/pages"}],"about":[{"href":"https:\/\/makhtoum98.tn\/en\/wp-json\/wp\/v2\/types\/page"}],"author":[{"embeddable":true,"href":"https:\/\/makhtoum98.tn\/en\/wp-json\/wp\/v2\/users\/1"}],"replies":[{"embeddable":true,"href":"https:\/\/makhtoum98.tn\/en\/wp-json\/wp\/v2\/comments?post=2344"}],"version-history":[{"count":5,"href":"https:\/\/makhtoum98.tn\/en\/wp-json\/wp\/v2\/pages\/2344\/revisions"}],"predecessor-version":[{"id":5417,"href":"https:\/\/makhtoum98.tn\/en\/wp-json\/wp\/v2\/pages\/2344\/revisions\/5417"}],"wp:attachment":[{"href":"https:\/\/makhtoum98.tn\/en\/wp-json\/wp\/v2\/media?parent=2344"}],"curies":[{"name":"wp","href":"https:\/\/api.w.org\/{rel}","templated":true}]}}