{"id":7301,"date":"2024-07-10T18:36:14","date_gmt":"2024-07-10T18:36:14","guid":{"rendered":"https:\/\/makhtoum98.tn\/?page_id=7301"},"modified":"2025-07-10T09:05:46","modified_gmt":"2025-07-10T09:05:46","slug":"ayoub-zammouri","status":"publish","type":"page","link":"https:\/\/makhtoum98.tn\/en\/ayoub-zammouri\/","title":{"rendered":"Ayoub Zammouri"},"content":{"rendered":"<div data-elementor-type=\"wp-page\" data-elementor-id=\"7301\" class=\"elementor elementor-7301\">\n\t\t\t\t        <section class=\"elementor-section elementor-top-section elementor-element elementor-element-2a8ee43 elementor-section-boxed elementor-section-height-default elementor-section-height-default\" data-id=\"2a8ee43\" data-element_type=\"section\" data-e-type=\"section\">\n            \n                        <div class=\"elementor-container elementor-column-gap-default\">\n                    <div class=\"elementor-column elementor-col-100 elementor-top-column elementor-element elementor-element-afa57cc\" data-id=\"afa57cc\" data-element_type=\"column\" data-e-type=\"column\">\n        <div class=\"elementor-widget-wrap elementor-element-populated\">\n                    \n        \t\t<div class=\"elementor-element elementor-element-dd3427f elementor-widget elementor-widget-ct_heading\" data-id=\"dd3427f\" data-element_type=\"widget\" data-e-type=\"widget\" data-widget_type=\"ct_heading.default\">\n\t\t\t\t<div class=\"elementor-widget-container\">\n\t\t\t\t\t<div class=\"ct-heading h-align-center item-st-default\">\r\n    <div class=\"ct-heading--inner\">\r\n    \t        <h3 class=\"item--title case-animate-time st-default wow\" data-wow-delay=\"ms\">\r\n            <span>Ayoub Zammouri<\/span>        <\/h3>\r\n    <\/div>\r\n<\/div>\r\n\r\n\t\t\t\t<\/div>\n\t\t\t\t<\/div>\n\t\t            <\/div>\n        <\/div>\n                    <\/div>\n        <\/section>\n                <section class=\"elementor-section elementor-top-section elementor-element elementor-element-5c03bf6 elementor-section-boxed elementor-section-height-default elementor-section-height-default\" data-id=\"5c03bf6\" data-element_type=\"section\" data-e-type=\"section\">\n            \n                        <div class=\"elementor-container elementor-column-gap-default\">\n                    <div class=\"elementor-column elementor-col-50 elementor-top-column elementor-element elementor-element-8b41ebd\" data-id=\"8b41ebd\" data-element_type=\"column\" data-e-type=\"column\">\n        <div class=\"elementor-widget-wrap elementor-element-populated\">\n                    \n        \t\t<div class=\"elementor-element elementor-element-7b54458 elementor-widget elementor-widget-text-editor\" data-id=\"7b54458\" data-element_type=\"widget\" data-e-type=\"widget\" data-widget_type=\"text-editor.default\">\n\t\t\t\t<div class=\"elementor-widget-container\">\n\t\t\t\t\t\t\t\t\t<h3><strong>\u00c0 propos du Fondateur : Ayoub Zammouri<\/strong><\/h3><p>Bienvenue sur <strong>Makhtoum 98<\/strong>, votre plateforme d\u00e9di\u00e9e \u00e0 la valorisation et \u00e0 la promotion des produits du terroir et de l\u2019artisanat tunisien.<\/p><p>Derri\u00e8re cette initiative, se trouve <strong>Ayoub Zammouri<\/strong>, un entrepreneur passionn\u00e9 originaire de <strong>Zammour<\/strong>, un village de la d\u00e9l\u00e9gation de <strong>Beni Khedache<\/strong>, situ\u00e9 dans le gouvernorat de <strong>M\u00e9denine<\/strong>. N\u00e9 le <strong>17 juillet 1991<\/strong>, Ayoub a grandi avec un profond attachement \u00e0 son patrimoine local et une volont\u00e9 de promouvoir les richesses culturelles et artisanales de sa r\u00e9gion.<\/p><h3><strong>Parcours et Vision<\/strong><\/h3><p>Ayoub Zammouri est titulaire d&rsquo;un <strong>baccalaur\u00e9at en informatique<\/strong> et d\u2019une <strong>licence fondamentale en sciences de l\u2019informatique<\/strong> de la Facult\u00e9 des sciences de Gab\u00e8s. Il enrichit actuellement ses comp\u00e9tences \u00e0 travers un <strong>Master professionnel en commerce international<\/strong> \u00e0 l&rsquo;Institut Sup\u00e9rieur d&rsquo;administration des affaires de Sfax, renfor\u00e7ant ainsi sa vision strat\u00e9gique pour l\u2019expansion de Makhtoum 98 \u00e0 l\u2019\u00e9chelle internationale.<\/p><h3><strong>Une Exp\u00e9rience Vari\u00e9e au Service de l\u2019Artisanat<\/strong><\/h3><p>Avant de fonder Makhtoum 98 en <strong>d\u00e9cembre 2020<\/strong>, Ayoub a acquis une solide exp\u00e9rience dans divers secteurs. Il a d\u00e9but\u00e9 sa carri\u00e8re en gestion commerciale en <strong>2017<\/strong> avec un caf\u00e9-restaurant, puis a \u00e9largi ses horizons en <strong>Libye<\/strong> en <strong>2018<\/strong>. Il a \u00e9galement \u00e9t\u00e9 <strong>formateur en informatique<\/strong> \u00e0 l&rsquo;\u00c9cole des m\u00e9tiers de Beni Khedache, partageant son savoir en d\u00e9veloppement Web et bureautique.<\/p><p>En parall\u00e8le, son engagement associatif est remarquable :<\/p><ul><li><strong>Pr\u00e9sident et membre fondateur<\/strong> du club \u00ab\u00a0Entreprendre Beni Khedeche Leaders\u00a0\u00bb depuis <strong>2019<\/strong><\/li><li><strong>Membre b\u00e9n\u00e9vole<\/strong> de l&rsquo;association de d\u00e9veloppement et de protection du patrimoine de Lkasabah depuis <strong>2017<\/strong><\/li><li>Ancien <strong>pr\u00e9sident<\/strong> de l&rsquo;association des dipl\u00f4m\u00e9s ch\u00f4meurs de Beni Khedache en <strong>2016-2017<\/strong><\/li><\/ul><h3><strong>Makhtoum 98 : Une Mission de Valorisation du Terroir<\/strong><\/h3><p>Lanc\u00e9 en <strong>2020<\/strong> \u00e0 Beni Khedache, Makhtoum 98 se distingue par son engagement envers la qualit\u00e9 et le patrimoine alimentaire du <strong>Sud tunisien<\/strong>. La plateforme propose des produits authentiques tels que l&rsquo;<strong>huile d&rsquo;olive de montagne<\/strong>, les <strong>figues s\u00e9ch\u00e9es<\/strong>, le <strong>sirop de figue (rob)<\/strong>, le <strong>miel naturel<\/strong>, la <strong>bsissa<\/strong>, et bien d\u2019autres. Ayoub met un accent particulier sur l\u2019<strong>approvisionnement responsable<\/strong> et le <strong>service apr\u00e8s-vente<\/strong> pour garantir une satisfaction client optimale.<\/p><h3><strong>Engagement et Expansion<\/strong><\/h3><p>Gr\u00e2ce \u00e0 ses comp\u00e9tences en <strong>marketing num\u00e9rique<\/strong>, en <strong>photographie<\/strong>, Ayoub a su positionner Makhtoum 98 comme un acteur cl\u00e9 lors d&rsquo;\u00e9v\u00e9nements . Ayoub envisage d\u00e9sormais d\u2019\u00e9tendre la pr\u00e9sence de Makhtoum 98 vers le <strong>march\u00e9 du Golfe<\/strong> et les <strong>pays d&rsquo;Asie de l&rsquo;Est<\/strong>, avec une attention particuli\u00e8re pour les <strong>femmes artisanes<\/strong> de Zammour et B\u00e9nikhadeche, garantissant ainsi un impact social et \u00e9conomique positif.<\/p><p>Pour contacter Ayoub Zammouri :<br \/>\ud83d\udce7 <strong><a href=\"mailto:zammouri2020@gmail.com\">zammouri2020@gmail.com<\/a><\/strong><br \/>\ud83d\udcf1 <strong>+216 20 208 191<\/strong><\/p><p>D\u00e9couvrez l\u2019univers unique de Makhtoum 98 et rejoignez-nous dans notre mission de promotion du patrimoine tunisien !<\/p><p>Mon <a href=\"https:\/\/www.linkedin.com\/in\/ayoub-zammouri-947462b7\/\" target=\"_blank\" rel=\"noopener\">LinkedIn<\/a><\/p>\t\t\t\t\t\t\t\t<\/div>\n\t\t\t\t<\/div>\n\t\t            <\/div>\n        <\/div>\n                <div class=\"elementor-column elementor-col-50 elementor-top-column elementor-element elementor-element-a861e7b\" data-id=\"a861e7b\" data-element_type=\"column\" data-e-type=\"column\">\n        <div class=\"elementor-widget-wrap elementor-element-populated\">\n                    \n        \t\t<div class=\"elementor-element elementor-element-ed3fb15 elementor-widget elementor-widget-image\" data-id=\"ed3fb15\" data-element_type=\"widget\" data-e-type=\"widget\" data-widget_type=\"image.default\">\n\t\t\t\t<div class=\"elementor-widget-container\">\n\t\t\t\t\t\t\t\t\t\t\t\t\t\t\t<img fetchpriority=\"high\" decoding=\"async\" width=\"640\" height=\"961\" src=\"https:\/\/makhtoum98.tn\/wp-content\/uploads\/2025\/07\/WhatsApp-Image-2025-07-03-a-20.02.30_de95432e-682x1024.jpg\" class=\"attachment-large size-large wp-image-7607\" alt=\"\" srcset=\"https:\/\/makhtoum98.tn\/wp-content\/uploads\/2025\/07\/WhatsApp-Image-2025-07-03-a-20.02.30_de95432e-682x1024.jpg 682w, https:\/\/makhtoum98.tn\/wp-content\/uploads\/2025\/07\/WhatsApp-Image-2025-07-03-a-20.02.30_de95432e-200x300.jpg 200w, https:\/\/makhtoum98.tn\/wp-content\/uploads\/2025\/07\/WhatsApp-Image-2025-07-03-a-20.02.30_de95432e-768x1152.jpg 768w, https:\/\/makhtoum98.tn\/wp-content\/uploads\/2025\/07\/WhatsApp-Image-2025-07-03-a-20.02.30_de95432e-8x12.jpg 8w, https:\/\/makhtoum98.tn\/wp-content\/uploads\/2025\/07\/WhatsApp-Image-2025-07-03-a-20.02.30_de95432e-600x900.jpg 600w, https:\/\/makhtoum98.tn\/wp-content\/uploads\/2025\/07\/WhatsApp-Image-2025-07-03-a-20.02.30_de95432e.jpg 853w\" sizes=\"(max-width: 640px) 100vw, 640px\" \/>\t\t\t\t\t\t\t\t\t\t\t\t\t\t\t<\/div>\n\t\t\t\t<\/div>\n\t\t            <\/div>\n        <\/div>\n                    <\/div>\n        <\/section>\n        \t\t<\/div>","protected":false},"excerpt":{"rendered":"<p>Ayoub Zammouri \u00c0 propos du Fondateur : Ayoub Zammouri Bienvenue sur Makhtoum 98, votre plateforme d\u00e9di\u00e9e \u00e0 la valorisation et \u00e0 la promotion des produits du terroir et de l\u2019artisanat tunisien. Derri\u00e8re cette initiative, se trouve Ayoub Zammouri, un entrepreneur passionn\u00e9 originaire de Zammour, un village de la d\u00e9l\u00e9gation de Beni Khedache, situ\u00e9 dans le [&hellip;]<\/p>\n","protected":false},"author":1,"featured_media":0,"parent":0,"menu_order":0,"comment_status":"closed","ping_status":"closed","template":"","meta":{"footnotes":""},"class_list":["post-7301","page","type-page","status-publish","hentry"],"_links":{"self":[{"href":"https:\/\/makhtoum98.tn\/en\/wp-json\/wp\/v2\/pages\/7301","targetHints":{"allow":["GET"]}}],"collection":[{"href":"https:\/\/makhtoum98.tn\/en\/wp-json\/wp\/v2\/pages"}],"about":[{"href":"https:\/\/makhtoum98.tn\/en\/wp-json\/wp\/v2\/types\/page"}],"author":[{"embeddable":true,"href":"https:\/\/makhtoum98.tn\/en\/wp-json\/wp\/v2\/users\/1"}],"replies":[{"embeddable":true,"href":"https:\/\/makhtoum98.tn\/en\/wp-json\/wp\/v2\/comments?post=7301"}],"version-history":[{"count":55,"href":"https:\/\/makhtoum98.tn\/en\/wp-json\/wp\/v2\/pages\/7301\/revisions"}],"predecessor-version":[{"id":7610,"href":"https:\/\/makhtoum98.tn\/en\/wp-json\/wp\/v2\/pages\/7301\/revisions\/7610"}],"wp:attachment":[{"href":"https:\/\/makhtoum98.tn\/en\/wp-json\/wp\/v2\/media?parent=7301"}],"curies":[{"name":"wp","href":"https:\/\/api.w.org\/{rel}","templated":true}]}}