{"id":732,"date":"2018-08-23T14:11:18","date_gmt":"2018-08-23T14:11:18","guid":{"rendered":"http:\/\/agricole.cmsmasters.net\/?page_id=732"},"modified":"2021-06-13T21:27:37","modified_gmt":"2021-06-13T21:27:37","slug":"conditions-generales-de-vente","status":"publish","type":"page","link":"https:\/\/makhtoum98.tn\/en\/conditions-generales-de-vente\/","title":{"rendered":"Condition G\u00e9n\u00e9ral de Vente"},"content":{"rendered":"<h3>Pr\u00e9ambule<\/h3>\n<p>Ce site est \u00e9dit\u00e9 par la soci\u00e9t\u00e9 Makhtoum98. Notre soci\u00e9t\u00e9 \u00e0 responsabilit\u00e9 limit\u00e9e (SARL) est conforme \u00e0 la loi tunisienne de commerce. Le si\u00e8ge social est situ\u00e9 \u00e0 Benikhadech, M\u00e9denine, Tunisie. Immatricul\u00e9 au registre du commerce sous le num\u00e9ro B20338952020, Makhtoum98 a la matricule fiscal 1697600\/W\/N\/M\/0000.<\/p>\n<p>Les pr\u00e9sentes Conditions G\u00e9n\u00e9rales de Vente (CGV) concernent les op\u00e9rations de Choisir un article, passer une commande et faire le suivi, via makhtoum98.com<\/p>\n<p>Celles-ci constituent le socle de la relation commerciale entre les parties. Elles encadrent les conditions dans lesquelles la soci\u00e9t\u00e9 fournit ses services aux clients.<\/p>\n<p>Toute commande implique l\u2019acceptation des conditions g\u00e9n\u00e9rales de vente.<\/p>\n<p>Le droit r\u00e9gissant les CGV est le droit tunisien. Tout litige pouvant survenir entre la soci\u00e9t\u00e9 et un client lors de l\u2019ex\u00e9cution des CGV fera l\u2019objet d\u2019une tentative de r\u00e9solution \u00e0 l\u2019aimable. A d\u00e9faut, les litiges seront port\u00e9s \u00e0 la connaissance des tribunaux.<\/p>\n<h3>Produit\u00a0:<\/h3>\n<p>Sur makhtoum98.com <strong>Makhtoum98<\/strong> offre une large liste de produits qui tirent leur originalit\u00e9 du respect des \u00e9quilibres naturels (Biologique), de la vari\u00e9t\u00e9, de la mise en valeur de nos traditions alimentaires, esth\u00e9tique et m\u00e9dicinales et de l\u2019esprit innovateur.<\/p>\n<p>Nos articles sont faits \u00e0 la main avec beaucoup d\u2019amour, de finesse et de rigueur. Ils sont beaucoup plus qu\u2019un simple produit de consommation. Chaque recette cache une histoire, l\u2019histoire d\u2019une terre g\u00e9n\u00e9reuse et d\u2019un savoir-faire ancestral.<\/p>\n<h3>La commande\u00a0:<\/h3>\n<p>Pour r\u00e9ussir l\u2019op\u00e9ration de passer une commande, il est essentiel de vous identifier clairement \u00e0 travers votre adresse e-mail et votre mot de passe sinon la commande risque de ne pas \u00eatre enregistr\u00e9e.<\/p>\n<p>La validation d\u00e9finitive de la commande suit la validation du paiement.<\/p>\n<p>Apr\u00e8s la validation d\u00e9finitive, nous allons vous contacter dans un d\u00e9lai raisonnable apr\u00e8s la conclusion du contrat afin de confirmer l\u2019enregistrement de votre commande et pour v\u00e9rifier les articles command\u00e9s ainsi que l\u2019adresse de livraison, nom et pr\u00e9nom\u2026<\/p>\n<p>Les informations concernant les articles sont affich\u00e9es et visibles sur le site.<\/p>\n<p>Les informations de la disponibilit\u00e9 des articles sont donn\u00e9es au moment de la passation de la commande. En G\u00e9n\u00e9ral les informations de la disponibilit\u00e9 sont toujours actualis\u00e9es, mais de mani\u00e8re exceptionnelle, s\u2019il arrivait qu\u2019un produit ne soit plus disponible provisoirement, apr\u00e8s l\u2019enregistrement de la commande Makhtoum98 tiendra \u00e0 vous en informer dans les brefs d\u00e9lais et, la commande devient automatiquement annul\u00e9e.<\/p>\n<h3>Paiement\u00a0:<\/h3>\n<p>Les prix sont exprim\u00e9s en Dinar Tunisien et les articles sont factur\u00e9s sur la base du tarif annonc\u00e9 lors de la passation de la commande. A cela s\u2019ajoutent les frais de livraison (pour plus de d\u00e9tails v\u00e9rifier la rubrique livraison<\/p>\n<p>Suite \u00e0 tout changement des prix, Makhtoum98 prend la responsabilit\u00e9 d\u2019actualiser le site et les tarifs annonc\u00e9s.<\/p>\n<p>Le paiement se fait imm\u00e9diatement et en totalit\u00e9 par\u00a0:<\/p>\n<ul>\n<li>Mandat minute\u00a0: les commandes ne sont livr\u00e9es qu\u2019apr\u00e8s le paiement complet<\/li>\n<li>Paiement \u00e0 la livraison\u00a0: de main en main<\/li>\n<li>Versement bancaire<\/li>\n<li>Le paiement sur internet<\/li>\n<li>Delivery<\/li>\n<\/ul>\n<p>Les commandes sont livr\u00e9es dans les plus brefs d\u00e9lais \u00e0 partir du moment de la validation de la commande et de la r\u00e9cup\u00e9ration de l\u2019adresse de la livraison.<\/p>\n<p>En moyenne, les d\u00e9lais de livraison sont de 2 jours ouvrables. Ce temps est n\u00e9cessaire pour r\u00e9ussir le traitement et l\u2019envoi des articles command\u00e9s par poste ou par la soci\u00e9t\u00e9 Windel Delevery. Ces d\u00e9lais ne peuvent \u00eatre assur\u00e9s en cas de force majeure comme les gr\u00e8ves<\/p>\n<p>Makhtoum98 s\u2019engage \u00e0 faire la livraison de tous les articles et les commandes sur toute la Tunisie.<\/p>\n<p>Les frais de livraison d\u00e9pendent toujours du poids du colis et du type d\u2019exp\u00e9dition choisi par le client\u00a0:<\/p>\n<p>Les services postaux : les frais de livraison sont calcul\u00e9s en fonction du poids et du volume et du type du service postal (service r\u00e9gulier ou le Rapid-Poste).<\/p>\n<p>Transporteur Windel\u00a0:7 dinars pour les articles de moins de 5 kilos.<\/p>\n<p><strong>Adresse<\/strong>\u00a0Benikhadech 4110 M\u00e9denine<\/p>\n<p><strong>T\u00e9l\u00e9phone<\/strong>\u00a0: (+216) 28\u00a0084 896<\/p>\n<p>Pour toute question suppl\u00e9mentaire, n&rsquo;h\u00e9sitez pas \u00e0 contacter notre\u00a0Service Client\u00a0<a href=\"mailto:contact@makhtoum98.com\">en cliquant ici<\/a>, par t\u00e9l\u00e9phone au : (+216) 28\u00a0084\u00a0896 ou par email : contact@makhtoum98.com.<\/p>","protected":false},"excerpt":{"rendered":"<p>Pr\u00e9ambule Ce site est \u00e9dit\u00e9 par la soci\u00e9t\u00e9 Makhtoum98. Notre soci\u00e9t\u00e9 \u00e0 responsabilit\u00e9 limit\u00e9e (SARL) est conforme \u00e0 la loi tunisienne de commerce. Le si\u00e8ge social est situ\u00e9 \u00e0 Benikhadech, M\u00e9denine, Tunisie. Immatricul\u00e9 au registre du commerce sous le num\u00e9ro B20338952020, Makhtoum98 a la matricule fiscal 1697600\/W\/N\/M\/0000. Les pr\u00e9sentes Conditions G\u00e9n\u00e9rales de Vente (CGV) concernent [&hellip;]<\/p>\n","protected":false},"author":1,"featured_media":0,"parent":0,"menu_order":0,"comment_status":"closed","ping_status":"closed","template":"","meta":{"footnotes":""},"class_list":["post-732","page","type-page","status-publish","hentry"],"_links":{"self":[{"href":"https:\/\/makhtoum98.tn\/en\/wp-json\/wp\/v2\/pages\/732","targetHints":{"allow":["GET"]}}],"collection":[{"href":"https:\/\/makhtoum98.tn\/en\/wp-json\/wp\/v2\/pages"}],"about":[{"href":"https:\/\/makhtoum98.tn\/en\/wp-json\/wp\/v2\/types\/page"}],"author":[{"embeddable":true,"href":"https:\/\/makhtoum98.tn\/en\/wp-json\/wp\/v2\/users\/1"}],"replies":[{"embeddable":true,"href":"https:\/\/makhtoum98.tn\/en\/wp-json\/wp\/v2\/comments?post=732"}],"version-history":[{"count":6,"href":"https:\/\/makhtoum98.tn\/en\/wp-json\/wp\/v2\/pages\/732\/revisions"}],"predecessor-version":[{"id":5395,"href":"https:\/\/makhtoum98.tn\/en\/wp-json\/wp\/v2\/pages\/732\/revisions\/5395"}],"wp:attachment":[{"href":"https:\/\/makhtoum98.tn\/en\/wp-json\/wp\/v2\/media?parent=732"}],"curies":[{"name":"wp","href":"https:\/\/api.w.org\/{rel}","templated":true}]}}