{"id":2328,"date":"2021-04-24T08:49:42","date_gmt":"2021-04-24T08:49:42","guid":{"rendered":"https:\/\/www.makhtoum98.com\/?post_type=product&#038;p=2328"},"modified":"2026-04-21T08:51:56","modified_gmt":"2026-04-21T08:51:56","slug":"malthouth","status":"publish","type":"product","link":"https:\/\/makhtoum98.tn\/en\/shop\/malthouth\/","title":{"rendered":"Malthouth"},"content":{"rendered":"<p><span style=\"font-weight: 400;\">Malthouth artisanal, une sp\u00e9cialit\u00e9 traditionnelle du Sud tunisien, fabriqu\u00e9e \u00e0 la main \u00e0 <em><strong>Zammour<\/strong><\/em> \u2013 <em><strong>Beni Khedache.<\/strong><\/em><\/span><\/p>\n<p><span style=\"font-weight: 400;\">\u00c9labor\u00e9 exclusivement \u00e0 partir d\u2019orge soigneusement s\u00e9lectionn\u00e9s des terres fertiles de Zammour, le Malthouth conserve toutes ses qualit\u00e9s nutritionnelles et son go\u00fbt authentique, l\u00e9g\u00e8rement rustique et riche en caract\u00e8re.<\/span><\/p>\n<h3><span style=\"font-weight: 400;\">Bienfaits Nutritionnels<\/span><\/h3>\n<p><span style=\"font-weight: 400;\">\u2714 Riche en fibres solubles gr\u00e2ce \u00e0 l\u2019orge, contribuant \u00e0 la r\u00e9gulation des concentrations sanguines de cholest\u00e9rol, glucose et insuline<\/span><span style=\"font-weight: 400;\"><br \/>\n<\/span><span style=\"font-weight: 400;\"> \u2714 Source naturelle de <em><strong>prot\u00e9ines v\u00e9g\u00e9tales<\/strong><\/em><\/span><span style=\"font-weight: 400;\"><br \/>\n<\/span><span style=\"font-weight: 400;\"> \u2714 Fournit une <em><strong>\u00e9nergie durable<\/strong><\/em> pour toute la journ\u00e9e<\/span><span style=\"font-weight: 400;\"><br \/>\n<\/span><span style=\"font-weight: 400;\"> \u2714 Fabrication enti\u00e8rement <em><strong>artisanale<\/strong><\/em><\/span><\/p>\n<p><span style=\"font-weight: 400;\">Le malthouth peut \u00eatre pr\u00e9par\u00e9 de diff\u00e9rentes mani\u00e8res selon les ingr\u00e9dients disponibles :\u00a0<\/span><\/p>\n<ul>\n<li style=\"font-weight: 400;\" aria-level=\"1\"><span style=\"font-weight: 400;\">Malthouth au poisson : Une version embl\u00e9matique du sud tunisien , elle utilise des poissons accompagn\u00e9s d&rsquo;une sauce riche en \u00e9pices (carvi, cumin, paprika).<\/span><\/li>\n<li style=\"font-weight: 400;\" aria-level=\"1\"><span style=\"font-weight: 400;\">Malthouth aux l\u00e9gumes et herbes : Souvent pr\u00e9par\u00e9 avec des f\u00e8ves, du fenouil ou d&rsquo;autres l\u00e9gumes de saison.<\/span><\/li>\n<li style=\"font-weight: 400;\" aria-level=\"1\"><span style=\"font-weight: 400;\">Malthouth aux prot\u00e9ines vari\u00e9es : Il peut \u00eatre cuisin\u00e9 avec du poulpe , de la viande d&rsquo;agneau\/kaddid ou m\u00eame des abats comme l&rsquo;osban.<\/span><\/li>\n<\/ul>","protected":false},"excerpt":{"rendered":"<p><span style=\"font-weight: 400;\">Une pr\u00e9paration <em><strong>artisanale<\/strong><\/em> qui respecte le savoir-faire ancestral transmis de g\u00e9n\u00e9ration en g\u00e9n\u00e9ration, pour un produit <em><strong>100% naturel<\/strong> <\/em>et unique.<\/span><\/p>\n<p><span style=\"font-weight: 400;\">\u2714 Sans additifs\u00a0<\/span><\/p>\n<p><span style=\"font-weight: 400;\">\u2714 Sans\u00a0 conservateurs<\/span><\/p>","protected":false},"featured_media":5646,"comment_status":"open","ping_status":"closed","template":"","meta":[],"product_brand":[],"product_cat":[22],"product_tag":[],"class_list":{"0":"post-2328","1":"product","2":"type-product","3":"status-publish","4":"has-post-thumbnail","6":"product_cat-produits-de-terroir","8":"first","9":"instock","10":"shipping-taxable","11":"purchasable","12":"product-type-simple"},"supplier_id":null,"supplier_sku":"","barcode":null,"atum_controlled":true,"out_stock_date":null,"out_stock_threshold":null,"inheritable":false,"inbound_stock":5,"stock_on_hold":0,"sold_today":0,"sales_last_days":0,"reserved_stock":0,"customer_returns":0,"warehouse_damage":0,"lost_in_post":0,"other_logs":0,"out_stock_days":0,"lost_sales":0,"has_location":false,"update_date":"2026-05-12T00:13:14","atum_locations":[],"atum_stock_status":"instock","restock_status":false,"low_stock_amount":2,"sales_update_date":"2026-05-12T00:13:14","calc_backorders":0,"_links":{"self":[{"href":"https:\/\/makhtoum98.tn\/en\/wp-json\/wp\/v2\/product\/2328","targetHints":{"allow":["GET"]}}],"collection":[{"href":"https:\/\/makhtoum98.tn\/en\/wp-json\/wp\/v2\/product"}],"about":[{"href":"https:\/\/makhtoum98.tn\/en\/wp-json\/wp\/v2\/types\/product"}],"replies":[{"embeddable":true,"href":"https:\/\/makhtoum98.tn\/en\/wp-json\/wp\/v2\/comments?post=2328"}],"version-history":[{"count":3,"href":"https:\/\/makhtoum98.tn\/en\/wp-json\/wp\/v2\/product\/2328\/revisions"}],"predecessor-version":[{"id":7646,"href":"https:\/\/makhtoum98.tn\/en\/wp-json\/wp\/v2\/product\/2328\/revisions\/7646"}],"wp:featuredmedia":[{"embeddable":true,"href":"https:\/\/makhtoum98.tn\/en\/wp-json\/wp\/v2\/media\/5646"}],"wp:attachment":[{"href":"https:\/\/makhtoum98.tn\/en\/wp-json\/wp\/v2\/media?parent=2328"}],"wp:term":[{"taxonomy":"product_brand","embeddable":true,"href":"https:\/\/makhtoum98.tn\/en\/wp-json\/wp\/v2\/product_brand?post=2328"},{"taxonomy":"product_cat","embeddable":true,"href":"https:\/\/makhtoum98.tn\/en\/wp-json\/wp\/v2\/product_cat?post=2328"},{"taxonomy":"product_tag","embeddable":true,"href":"https:\/\/makhtoum98.tn\/en\/wp-json\/wp\/v2\/product_tag?post=2328"}],"curies":[{"name":"wp","href":"https:\/\/api.w.org\/{rel}","templated":true}]}}