{"id":2331,"date":"2021-04-24T09:21:36","date_gmt":"2021-04-24T09:21:36","guid":{"rendered":"https:\/\/www.makhtoum98.com\/?post_type=product&#038;p=2331"},"modified":"2021-06-18T18:31:34","modified_gmt":"2021-06-18T18:31:34","slug":"tbikha","status":"publish","type":"product","link":"https:\/\/makhtoum98.tn\/en\/shop\/tbikha\/","title":{"rendered":"Tbikha"},"content":{"rendered":"<p>Haricots, Lentilles , Pois chiches, Ni\u00e9b\u00e9s, fenugrecs<\/p>\n<p><strong>NB\u00a0:<\/strong>De pr\u00e9f\u00e9rence la pr\u00e9parer avec de la viande s\u00e8che<\/p>\n<p>\u00bd kg<\/p>","protected":false},"excerpt":{"rendered":"<p>Haricots, Lentilles , Pois chiches, Ni\u00e9b\u00e9s, fenugrecs NB\u00a0:De pr\u00e9f\u00e9rence la pr\u00e9parer avec de la viande s\u00e8che \u00bd kg<\/p>","protected":false},"featured_media":0,"comment_status":"open","ping_status":"closed","template":"","meta":[],"product_brand":[],"product_cat":[22],"product_tag":[],"class_list":{"0":"post-2331","1":"product","2":"type-product","3":"status-publish","5":"product_cat-produits-de-terroir","7":"first","8":"instock","9":"shipping-taxable","10":"purchasable","11":"product-type-simple"},"supplier_id":null,"supplier_sku":"","barcode":null,"atum_controlled":true,"out_stock_date":null,"out_stock_threshold":null,"inheritable":false,"inbound_stock":0,"stock_on_hold":0,"sold_today":0,"sales_last_days":0,"reserved_stock":0,"customer_returns":0,"warehouse_damage":0,"lost_in_post":0,"other_logs":0,"out_stock_days":0,"lost_sales":0,"has_location":false,"update_date":"2026-05-12T00:13:14","atum_locations":[],"atum_stock_status":"instock","restock_status":false,"low_stock_amount":2,"sales_update_date":"2026-05-12T00:13:14","calc_backorders":null,"_links":{"self":[{"href":"https:\/\/makhtoum98.tn\/en\/wp-json\/wp\/v2\/product\/2331","targetHints":{"allow":["GET"]}}],"collection":[{"href":"https:\/\/makhtoum98.tn\/en\/wp-json\/wp\/v2\/product"}],"about":[{"href":"https:\/\/makhtoum98.tn\/en\/wp-json\/wp\/v2\/types\/product"}],"replies":[{"embeddable":true,"href":"https:\/\/makhtoum98.tn\/en\/wp-json\/wp\/v2\/comments?post=2331"}],"version-history":[{"count":0,"href":"https:\/\/makhtoum98.tn\/en\/wp-json\/wp\/v2\/product\/2331\/revisions"}],"wp:attachment":[{"href":"https:\/\/makhtoum98.tn\/en\/wp-json\/wp\/v2\/media?parent=2331"}],"wp:term":[{"taxonomy":"product_brand","embeddable":true,"href":"https:\/\/makhtoum98.tn\/en\/wp-json\/wp\/v2\/product_brand?post=2331"},{"taxonomy":"product_cat","embeddable":true,"href":"https:\/\/makhtoum98.tn\/en\/wp-json\/wp\/v2\/product_cat?post=2331"},{"taxonomy":"product_tag","embeddable":true,"href":"https:\/\/makhtoum98.tn\/en\/wp-json\/wp\/v2\/product_tag?post=2331"}],"curies":[{"name":"wp","href":"https:\/\/api.w.org\/{rel}","templated":true}]}}