{"id":2332,"date":"2021-04-24T09:23:46","date_gmt":"2021-04-24T09:23:46","guid":{"rendered":"https:\/\/www.makhtoum98.com\/?post_type=product&#038;p=2332"},"modified":"2026-04-21T09:08:09","modified_gmt":"2026-04-21T09:08:09","slug":"tbikha-makhtoum","status":"publish","type":"product","link":"https:\/\/makhtoum98.tn\/en\/shop\/tbikha-makhtoum\/","title":{"rendered":"Tbikha Makhtoum"},"content":{"rendered":"<p><span style=\"font-weight: 400;\">Tbikha Makhtoum, une pr\u00e9paration <em><strong>traditionnelle<\/strong><\/em> du Sud tunisien, fabriqu\u00e9e <em><strong>\u00e0 la main<\/strong><\/em> \u00e0 Zammour \u2013 Beni Khedache. Chaque ingr\u00e9dient est s\u00e9lectionn\u00e9 avec soin pour garantir <strong><em>authenticit\u00e9<\/em><\/strong>, go\u00fbt et <em><strong>valeur nutritionnelle.<\/strong><\/em><\/span><\/p>\n<h3><span style=\"font-weight: 400;\">ngr\u00e9dients Authentiques:<\/span><\/h3>\n<ul>\n<li style=\"font-weight: 400;\" aria-level=\"1\"><span style=\"font-weight: 400;\">Orge d\u00e9cortiqu\u00e9e<\/span><span style=\"font-weight: 400;\">\n<p><\/span><\/li>\n<li style=\"font-weight: 400;\" aria-level=\"1\"><span style=\"font-weight: 400;\">Haricots<\/span><span style=\"font-weight: 400;\">\n<p><\/span><\/li>\n<li style=\"font-weight: 400;\" aria-level=\"1\"><span style=\"font-weight: 400;\">Lentilles<\/span><span style=\"font-weight: 400;\">\n<p><\/span><\/li>\n<li style=\"font-weight: 400;\" aria-level=\"1\"><span style=\"font-weight: 400;\">Pois chiches<\/span><span style=\"font-weight: 400;\">\n<p><\/span><\/li>\n<li style=\"font-weight: 400;\" aria-level=\"1\"><span style=\"font-weight: 400;\">Ni\u00e9b\u00e9s<\/span><span style=\"font-weight: 400;\">\n<p><\/span><\/li>\n<li style=\"font-weight: 400;\" aria-level=\"1\"><span style=\"font-weight: 400;\">Fenugrec\u00a0\u00a0\u00a0\u00a0\u00a0\u00a0\u00a0\u00a0\u00a0\u00a0\u00a0\u00a0\u00a0\u00a0\u00a0<\/span><\/li>\n<\/ul>\n<p><span style=\"font-weight: 400;\">Un v\u00e9ritable produit du terroir tunisien, symbole de l\u2019authenticit\u00e9 culinaire et du savoir-faire artisanal de <strong><em>Zammour<\/em><\/strong> \u2013 B<strong><em>eni Khedache<\/em><\/strong>.<\/span><\/p>","protected":false},"excerpt":{"rendered":"<p><span style=\"font-weight: 400;\">\u2714 100% naturel, sans additifs ni conservateurs<\/span><\/p>\n<p><span style=\"font-weight: 400;\">\u2714Riche en fibres et prot\u00e9ines v\u00e9g\u00e9tales<\/span><\/p>\n<p><span style=\"font-weight: 400;\">\u2714Source d\u2019\u00e9nergie durable<\/span><\/p>","protected":false},"featured_media":6056,"comment_status":"open","ping_status":"closed","template":"","meta":[],"product_brand":[],"product_cat":[22],"product_tag":[],"class_list":{"0":"post-2332","1":"product","2":"type-product","3":"status-publish","4":"has-post-thumbnail","6":"product_cat-produits-de-terroir","8":"first","9":"instock","10":"shipping-taxable","11":"purchasable","12":"product-type-simple"},"supplier_id":null,"supplier_sku":"","barcode":null,"atum_controlled":true,"out_stock_date":null,"out_stock_threshold":null,"inheritable":false,"inbound_stock":0,"stock_on_hold":0,"sold_today":0,"sales_last_days":0,"reserved_stock":0,"customer_returns":0,"warehouse_damage":0,"lost_in_post":0,"other_logs":0,"out_stock_days":0,"lost_sales":0,"has_location":false,"update_date":"2026-05-12T00:13:14","atum_locations":[],"atum_stock_status":"instock","restock_status":false,"low_stock_amount":"","sales_update_date":"2026-05-12T00:13:14","calc_backorders":null,"_links":{"self":[{"href":"https:\/\/makhtoum98.tn\/en\/wp-json\/wp\/v2\/product\/2332","targetHints":{"allow":["GET"]}}],"collection":[{"href":"https:\/\/makhtoum98.tn\/en\/wp-json\/wp\/v2\/product"}],"about":[{"href":"https:\/\/makhtoum98.tn\/en\/wp-json\/wp\/v2\/types\/product"}],"replies":[{"embeddable":true,"href":"https:\/\/makhtoum98.tn\/en\/wp-json\/wp\/v2\/comments?post=2332"}],"version-history":[{"count":3,"href":"https:\/\/makhtoum98.tn\/en\/wp-json\/wp\/v2\/product\/2332\/revisions"}],"predecessor-version":[{"id":7649,"href":"https:\/\/makhtoum98.tn\/en\/wp-json\/wp\/v2\/product\/2332\/revisions\/7649"}],"wp:featuredmedia":[{"embeddable":true,"href":"https:\/\/makhtoum98.tn\/en\/wp-json\/wp\/v2\/media\/6056"}],"wp:attachment":[{"href":"https:\/\/makhtoum98.tn\/en\/wp-json\/wp\/v2\/media?parent=2332"}],"wp:term":[{"taxonomy":"product_brand","embeddable":true,"href":"https:\/\/makhtoum98.tn\/en\/wp-json\/wp\/v2\/product_brand?post=2332"},{"taxonomy":"product_cat","embeddable":true,"href":"https:\/\/makhtoum98.tn\/en\/wp-json\/wp\/v2\/product_cat?post=2332"},{"taxonomy":"product_tag","embeddable":true,"href":"https:\/\/makhtoum98.tn\/en\/wp-json\/wp\/v2\/product_tag?post=2332"}],"curies":[{"name":"wp","href":"https:\/\/api.w.org\/{rel}","templated":true}]}}