{"id":2405,"date":"2021-04-30T09:35:07","date_gmt":"2021-04-30T09:35:07","guid":{"rendered":"https:\/\/www.makhtoum98.com\/?post_type=product&#038;p=2405"},"modified":"2026-01-25T08:55:32","modified_gmt":"2026-01-25T08:55:32","slug":"miel","status":"publish","type":"product","link":"https:\/\/makhtoum98.tn\/en\/shop\/miel\/","title":{"rendered":"Natural honey"},"content":{"rendered":"<p>miel\u00a0artisanal\u00a0de\u00a0printemps\u00a0100% naturel, de type\u00a0poly floral\u00a0issu d\u2019une\u00a0multitude\u00a0de fleurs essentiellement sauvages. Il est d\u2019un go\u00fbt\u00a0l\u00e9ger\u00a0et d\u2019une saveur\u00a0parfum\u00e9e\u00a0au go\u00fbt\u00a0exceptionnel<\/p>\n<p>&nbsp;<\/p>","protected":false},"excerpt":{"rendered":"<p>Pr\u00e9par\u00e9e d&rsquo;une mani\u00e8re traditionnelle.<\/p>","protected":false},"featured_media":7254,"comment_status":"open","ping_status":"closed","template":"","meta":[],"product_brand":[],"product_cat":[22],"product_tag":[],"class_list":{"0":"post-2405","1":"product","2":"type-product","3":"status-publish","4":"has-post-thumbnail","6":"product_cat-produits-de-terroir","8":"first","9":"instock","10":"sale","11":"shipping-taxable","12":"purchasable","13":"product-type-variable"},"supplier_id":null,"supplier_sku":"","barcode":null,"atum_controlled":true,"out_stock_date":null,"out_stock_threshold":null,"inheritable":true,"inbound_stock":0,"stock_on_hold":0,"sold_today":0,"sales_last_days":0,"reserved_stock":0,"customer_returns":0,"warehouse_damage":0,"lost_in_post":0,"other_logs":0,"out_stock_days":0,"lost_sales":0,"has_location":false,"update_date":"2026-05-12T00:13:14","atum_locations":[],"atum_stock_status":"instock","restock_status":false,"low_stock_amount":"","sales_update_date":"2026-05-12T00:13:14","calc_backorders":null,"_links":{"self":[{"href":"https:\/\/makhtoum98.tn\/en\/wp-json\/wp\/v2\/product\/2405","targetHints":{"allow":["GET"]}}],"collection":[{"href":"https:\/\/makhtoum98.tn\/en\/wp-json\/wp\/v2\/product"}],"about":[{"href":"https:\/\/makhtoum98.tn\/en\/wp-json\/wp\/v2\/types\/product"}],"replies":[{"embeddable":true,"href":"https:\/\/makhtoum98.tn\/en\/wp-json\/wp\/v2\/comments?post=2405"}],"version-history":[{"count":2,"href":"https:\/\/makhtoum98.tn\/en\/wp-json\/wp\/v2\/product\/2405\/revisions"}],"predecessor-version":[{"id":5542,"href":"https:\/\/makhtoum98.tn\/en\/wp-json\/wp\/v2\/product\/2405\/revisions\/5542"}],"wp:featuredmedia":[{"embeddable":true,"href":"https:\/\/makhtoum98.tn\/en\/wp-json\/wp\/v2\/media\/7254"}],"wp:attachment":[{"href":"https:\/\/makhtoum98.tn\/en\/wp-json\/wp\/v2\/media?parent=2405"}],"wp:term":[{"taxonomy":"product_brand","embeddable":true,"href":"https:\/\/makhtoum98.tn\/en\/wp-json\/wp\/v2\/product_brand?post=2405"},{"taxonomy":"product_cat","embeddable":true,"href":"https:\/\/makhtoum98.tn\/en\/wp-json\/wp\/v2\/product_cat?post=2405"},{"taxonomy":"product_tag","embeddable":true,"href":"https:\/\/makhtoum98.tn\/en\/wp-json\/wp\/v2\/product_tag?post=2405"}],"curies":[{"name":"wp","href":"https:\/\/api.w.org\/{rel}","templated":true}]}}