{"id":2410,"date":"2021-04-30T14:10:16","date_gmt":"2021-04-30T14:10:16","guid":{"rendered":"https:\/\/www.makhtoum98.com\/?post_type=product&#038;p=2410"},"modified":"2026-04-20T10:12:39","modified_gmt":"2026-04-20T10:12:39","slug":"melasse-de-figue-sechee","status":"publish","type":"product","link":"https:\/\/makhtoum98.tn\/en\/shop\/melasse-de-figue-sechee\/","title":{"rendered":"Dried fig molasses"},"content":{"rendered":"<p>Bienfaits:<\/p>\n<p>-Riche en magn\u00e9sium, calcium, et Vitamine K2, le m\u00e9lasse de <b>figue s\u00e9ch\u00e9e<\/b>\u00a0vous aide \u00e0 avoir des os plus forts.<\/p>\n<p>-Aide \u00e0 am\u00e9liorer la vue et maintient une bonne sant\u00e9 cardiaque.<\/p>\n<p>-Riche en fibres, le m\u00e9lasse de <b>figue s\u00e9ch\u00e9e<\/b>\u00a0pr\u00e9vient du diab\u00e8te de type 2, des accidents vasculaires c\u00e9r\u00e9braux et du cancer colorectal.<\/p>","protected":false},"excerpt":{"rendered":"<p>Pr\u00e9par\u00e9 d&rsquo;une mani\u00e8re traditionnelle.<\/p>\n<p>Figue s\u00e9ch\u00e9e pure<\/p>\n<p>Sans sucre ajout\u00e9<\/p>\n<p>100% naturel<\/p>","protected":false},"featured_media":7251,"comment_status":"open","ping_status":"closed","template":"","meta":[],"product_brand":[],"product_cat":[22],"product_tag":[],"class_list":{"0":"post-2410","1":"product","2":"type-product","3":"status-publish","4":"has-post-thumbnail","6":"product_cat-produits-de-terroir","8":"first","9":"instock","10":"purchasable","11":"product-type-variable"},"supplier_id":null,"supplier_sku":"","barcode":null,"atum_controlled":true,"out_stock_date":null,"out_stock_threshold":null,"inheritable":true,"inbound_stock":0,"stock_on_hold":0,"sold_today":0,"sales_last_days":0,"reserved_stock":0,"customer_returns":0,"warehouse_damage":0,"lost_in_post":0,"other_logs":0,"out_stock_days":0,"lost_sales":0,"has_location":false,"update_date":"2026-05-12T00:13:14","atum_locations":[],"atum_stock_status":"instock","restock_status":false,"low_stock_amount":2,"sales_update_date":"2026-05-12T00:13:14","calc_backorders":0,"_links":{"self":[{"href":"https:\/\/makhtoum98.tn\/en\/wp-json\/wp\/v2\/product\/2410","targetHints":{"allow":["GET"]}}],"collection":[{"href":"https:\/\/makhtoum98.tn\/en\/wp-json\/wp\/v2\/product"}],"about":[{"href":"https:\/\/makhtoum98.tn\/en\/wp-json\/wp\/v2\/types\/product"}],"replies":[{"embeddable":true,"href":"https:\/\/makhtoum98.tn\/en\/wp-json\/wp\/v2\/comments?post=2410"}],"version-history":[{"count":6,"href":"https:\/\/makhtoum98.tn\/en\/wp-json\/wp\/v2\/product\/2410\/revisions"}],"predecessor-version":[{"id":7252,"href":"https:\/\/makhtoum98.tn\/en\/wp-json\/wp\/v2\/product\/2410\/revisions\/7252"}],"wp:featuredmedia":[{"embeddable":true,"href":"https:\/\/makhtoum98.tn\/en\/wp-json\/wp\/v2\/media\/7251"}],"wp:attachment":[{"href":"https:\/\/makhtoum98.tn\/en\/wp-json\/wp\/v2\/media?parent=2410"}],"wp:term":[{"taxonomy":"product_brand","embeddable":true,"href":"https:\/\/makhtoum98.tn\/en\/wp-json\/wp\/v2\/product_brand?post=2410"},{"taxonomy":"product_cat","embeddable":true,"href":"https:\/\/makhtoum98.tn\/en\/wp-json\/wp\/v2\/product_cat?post=2410"},{"taxonomy":"product_tag","embeddable":true,"href":"https:\/\/makhtoum98.tn\/en\/wp-json\/wp\/v2\/product_tag?post=2410"}],"curies":[{"name":"wp","href":"https:\/\/api.w.org\/{rel}","templated":true}]}}