{"id":2503,"date":"2021-05-31T11:37:51","date_gmt":"2021-05-31T11:37:51","guid":{"rendered":"https:\/\/www.makhtoum98.com\/?post_type=product&#038;p=2503"},"modified":"2026-04-21T09:14:32","modified_gmt":"2026-04-21T09:14:32","slug":"zommita-2","status":"publish","type":"product","link":"https:\/\/makhtoum98.tn\/en\/shop\/zommita-2\/","title":{"rendered":"Zommita"},"content":{"rendered":"<p><span style=\"font-weight: 400;\">\u00a0Zommita d\u2019orge <em><strong>artisanale<\/strong><\/em> Makhtoum, une sp\u00e9cialit\u00e9 authentique du terroir tunisien, pr\u00e9par\u00e9e selon une m\u00e9thode <strong><em>traditionnelle<\/em> <\/strong>et <strong><em>un savoir-faire ancestral<\/em><\/strong>.<\/span><\/p>\n<p><span style=\"font-weight: 400;\">\u00c9labor\u00e9e \u00e0 base d\u2019<em><strong>orge<\/strong><\/em> soigneusement s\u00e9lectionn\u00e9e et torr\u00e9fi\u00e9e, cette recette est enrichie de <em><strong>pois chiche<\/strong><\/em> et de <strong><em>lentilles<\/em><\/strong> finement moulus, relev\u00e9e d\u2019une touche \u00e9quilibr\u00e9e de sel et sublim\u00e9e par <strong><em>un m\u00e9lange aromatique naturel<\/em><\/strong> de <em><strong>thym s\u00e9ch\u00e9<\/strong><\/em>, <em><strong>romarin s\u00e9ch\u00e9<\/strong><\/em>, <strong><em>anis<\/em> <em>vert<\/em><\/strong> et <strong><em>\u00e9corce d\u2019orange s\u00e9ch\u00e9e<\/em><\/strong>.<\/span><\/p>\n<p><span style=\"font-weight: 400;\">Cette combinaison unique offre une saveur riche, l\u00e9g\u00e8rement herbac\u00e9e et subtilement parfum\u00e9e.<\/span><\/p>\n<p><span style=\"font-weight: 400;\">Riche en fibres naturelles, en prot\u00e9ines v\u00e9g\u00e9tales et en \u00e9nergie durable, la zommita d\u2019orge est id\u00e9ale pour :<\/span><\/p>\n<ul>\n<li><span style=\"font-weight: 400;\">Petit-d\u00e9jeuner traditionnel et rassasiant<\/span><\/li>\n<li><span style=\"font-weight: 400;\">S\u2019hour pendant le Ramadan<\/span><\/li>\n<li><span style=\"font-weight: 400;\">Alimentation \u00e9nerg\u00e9tique naturelle<\/span><\/li>\n<li><span style=\"font-weight: 400;\">Pause saine et nutritive<\/span><\/li>\n<\/ul>\n<p><span style=\"font-weight: 400;\">\u00c0 consommer avec :<\/span><span style=\"font-weight: 400;\"><br \/>\n<\/span><span style=\"font-weight: 400;\"> \u2714 Huile d\u2019olive extra vierge<\/span><span style=\"font-weight: 400;\"><br \/>\n<\/span><span style=\"font-weight: 400;\"> \u2714 Eau ti\u00e8de<\/span><span style=\"font-weight: 400;\"><br \/>\n<\/span><span style=\"font-weight: 400;\"> \u2714 Lait (selon pr\u00e9f\u00e9rence)<\/span><\/p>\n<p><span style=\"font-weight: 400;\">Un v\u00e9ritable produit du patrimoine culinaire tunisien, <em><strong>symbole d\u2019authenticit\u00e9<\/strong><\/em> et de <em><strong>tradition du Sud<\/strong><\/em>.<\/span><\/p>","protected":false},"excerpt":{"rendered":"<p><span style=\"font-weight: 400;\">\u00a0\u2714100% naturelle<\/span><\/p>\n<p><span style=\"font-weight: 400;\">\u00a0\u2714Sans additifs\u00a0<\/span><\/p>\n<p><span style=\"font-weight: 400;\">\u00a0\u2714Sans conservateurs\u00a0<\/span><\/p>\n<p><span style=\"font-weight: 400;\">\u00a0\u2714Fabrication artisanale<\/span><\/p>","protected":false},"featured_media":7257,"comment_status":"open","ping_status":"closed","template":"","meta":[],"product_brand":[],"product_cat":[22],"product_tag":[],"class_list":{"0":"post-2503","1":"product","2":"type-product","3":"status-publish","4":"has-post-thumbnail","6":"product_cat-produits-de-terroir","8":"first","9":"instock","10":"purchasable","11":"product-type-simple"},"supplier_id":null,"supplier_sku":"","barcode":null,"atum_controlled":true,"out_stock_date":null,"out_stock_threshold":null,"inheritable":false,"inbound_stock":0,"stock_on_hold":0,"sold_today":0,"sales_last_days":0,"reserved_stock":0,"customer_returns":0,"warehouse_damage":0,"lost_in_post":0,"other_logs":0,"out_stock_days":0,"lost_sales":0,"has_location":false,"update_date":"2026-05-12T00:13:13","atum_locations":[],"atum_stock_status":"instock","restock_status":false,"low_stock_amount":2,"sales_update_date":"2026-05-12T00:13:13","calc_backorders":0,"_links":{"self":[{"href":"https:\/\/makhtoum98.tn\/en\/wp-json\/wp\/v2\/product\/2503","targetHints":{"allow":["GET"]}}],"collection":[{"href":"https:\/\/makhtoum98.tn\/en\/wp-json\/wp\/v2\/product"}],"about":[{"href":"https:\/\/makhtoum98.tn\/en\/wp-json\/wp\/v2\/types\/product"}],"replies":[{"embeddable":true,"href":"https:\/\/makhtoum98.tn\/en\/wp-json\/wp\/v2\/comments?post=2503"}],"version-history":[{"count":3,"href":"https:\/\/makhtoum98.tn\/en\/wp-json\/wp\/v2\/product\/2503\/revisions"}],"predecessor-version":[{"id":7651,"href":"https:\/\/makhtoum98.tn\/en\/wp-json\/wp\/v2\/product\/2503\/revisions\/7651"}],"wp:featuredmedia":[{"embeddable":true,"href":"https:\/\/makhtoum98.tn\/en\/wp-json\/wp\/v2\/media\/7257"}],"wp:attachment":[{"href":"https:\/\/makhtoum98.tn\/en\/wp-json\/wp\/v2\/media?parent=2503"}],"wp:term":[{"taxonomy":"product_brand","embeddable":true,"href":"https:\/\/makhtoum98.tn\/en\/wp-json\/wp\/v2\/product_brand?post=2503"},{"taxonomy":"product_cat","embeddable":true,"href":"https:\/\/makhtoum98.tn\/en\/wp-json\/wp\/v2\/product_cat?post=2503"},{"taxonomy":"product_tag","embeddable":true,"href":"https:\/\/makhtoum98.tn\/en\/wp-json\/wp\/v2\/product_tag?post=2503"}],"curies":[{"name":"wp","href":"https:\/\/api.w.org\/{rel}","templated":true}]}}