{"id":2508,"date":"2021-06-01T09:45:31","date_gmt":"2021-06-01T09:45:31","guid":{"rendered":"https:\/\/www.makhtoum98.com\/?post_type=product&#038;p=2508"},"modified":"2022-04-08T20:29:31","modified_gmt":"2022-04-08T20:29:31","slug":"coffret-panier","status":"publish","type":"product","link":"https:\/\/makhtoum98.tn\/en\/shop\/coffret-panier\/","title":{"rendered":"Coffret \u00ab\u00a0panier\u00a0\u00bb"},"content":{"rendered":"<p>Beau panier en nattes construit d&rsquo;une mani\u00e8re artisanale contient les plus populaires de nos produits de terroir:<\/p>\n<p>-sachet de 250gr bsissa aux fruits secs<\/p>\n<p>-sachet de 250gr soupe d&rsquo;orge<\/p>\n<p>-sachet de 25gr thym<\/p>\n<p>-sachet de 25gr romarin<\/p>\n<p>250gr m\u00e9lasse de figue s\u00e9ch\u00e9e<\/p>\n<p>250gr miel de montagne<\/p>\n<p>&nbsp;<\/p>","protected":false},"excerpt":{"rendered":"<p>Tous pr\u00e9par\u00e9 d&rsquo;une mani\u00e8re traditionnelle.<\/p>","protected":false},"featured_media":5633,"comment_status":"open","ping_status":"closed","template":"","meta":[],"product_brand":[],"product_cat":[35],"product_tag":[],"class_list":{"0":"post-2508","1":"product","2":"type-product","3":"status-publish","4":"has-post-thumbnail","6":"product_cat-coffrets","8":"first","9":"instock","10":"sale","11":"purchasable","12":"product-type-simple"},"supplier_id":null,"supplier_sku":"","barcode":null,"atum_controlled":true,"out_stock_date":null,"out_stock_threshold":null,"inheritable":false,"inbound_stock":0,"stock_on_hold":0,"sold_today":0,"sales_last_days":0,"reserved_stock":0,"customer_returns":0,"warehouse_damage":0,"lost_in_post":0,"other_logs":0,"out_stock_days":0,"lost_sales":0,"has_location":false,"update_date":"2026-05-12T00:13:14","atum_locations":[],"atum_stock_status":"instock","restock_status":false,"low_stock_amount":"","sales_update_date":"2026-05-12T00:13:14","calc_backorders":null,"_links":{"self":[{"href":"https:\/\/makhtoum98.tn\/en\/wp-json\/wp\/v2\/product\/2508","targetHints":{"allow":["GET"]}}],"collection":[{"href":"https:\/\/makhtoum98.tn\/en\/wp-json\/wp\/v2\/product"}],"about":[{"href":"https:\/\/makhtoum98.tn\/en\/wp-json\/wp\/v2\/types\/product"}],"replies":[{"embeddable":true,"href":"https:\/\/makhtoum98.tn\/en\/wp-json\/wp\/v2\/comments?post=2508"}],"version-history":[{"count":1,"href":"https:\/\/makhtoum98.tn\/en\/wp-json\/wp\/v2\/product\/2508\/revisions"}],"predecessor-version":[{"id":6000,"href":"https:\/\/makhtoum98.tn\/en\/wp-json\/wp\/v2\/product\/2508\/revisions\/6000"}],"wp:featuredmedia":[{"embeddable":true,"href":"https:\/\/makhtoum98.tn\/en\/wp-json\/wp\/v2\/media\/5633"}],"wp:attachment":[{"href":"https:\/\/makhtoum98.tn\/en\/wp-json\/wp\/v2\/media?parent=2508"}],"wp:term":[{"taxonomy":"product_brand","embeddable":true,"href":"https:\/\/makhtoum98.tn\/en\/wp-json\/wp\/v2\/product_brand?post=2508"},{"taxonomy":"product_cat","embeddable":true,"href":"https:\/\/makhtoum98.tn\/en\/wp-json\/wp\/v2\/product_cat?post=2508"},{"taxonomy":"product_tag","embeddable":true,"href":"https:\/\/makhtoum98.tn\/en\/wp-json\/wp\/v2\/product_tag?post=2508"}],"curies":[{"name":"wp","href":"https:\/\/api.w.org\/{rel}","templated":true}]}}