{"id":2511,"date":"2021-06-01T10:01:00","date_gmt":"2021-06-01T10:01:00","guid":{"rendered":"https:\/\/www.makhtoum98.com\/?post_type=product&#038;p=2511"},"modified":"2026-04-21T08:41:43","modified_gmt":"2026-04-21T08:41:43","slug":"bsissa-aux-fruits-secs","status":"publish","type":"product","link":"https:\/\/makhtoum98.tn\/en\/shop\/bsissa-aux-fruits-secs\/","title":{"rendered":"Bsissa with dried fruits"},"content":{"rendered":"<p>&nbsp;<\/p>\n<p><span style=\"font-weight: 400;\">D\u00e9couvrez la Bsissa aux fruits secs artisanale <em><strong>Makhtoum<\/strong><\/em>, une sp\u00e9cialit\u00e9 traditionnelle tunisienne authentique, fabriqu\u00e9e \u00e0 la main \u00e0 <em><strong>Zammour<\/strong><\/em> \u2013 <em><strong>Beni Khedache<\/strong><\/em> (Sud Tunisien).<\/span><\/p>\n<p><span style=\"font-weight: 400;\">Pr\u00e9par\u00e9e \u00e0 base de bl\u00e9 torr\u00e9fi\u00e9, cette bsissa premium est enrichie d\u2019un m\u00e9lange g\u00e9n\u00e9reux de <em><strong>noisettes<\/strong><\/em>, <strong><em>pistaches<\/em><\/strong>, <em><strong>amandes croquantes<\/strong><\/em>, ainsi que de <em><strong>graines de s\u00e9same<\/strong><\/em>, de <strong><em>lentilles<\/em><\/strong>, de <em><strong>haricots<\/strong> <\/em>et d\u2019une touche subtile de <strong><em>coriandre aromatique<\/em><\/strong>.<\/span><\/p>\n<p><span style=\"font-weight: 400;\">Riche en prot\u00e9ines v\u00e9g\u00e9tales, fibres naturelles et \u00e9nergie durable, la bsissa est id\u00e9ale pour :<\/span><\/p>\n<ul>\n<li style=\"font-weight: 400;\" aria-level=\"1\"><span style=\"font-weight: 400;\">Petit-d\u00e9jeuner sain et nutritif<\/span><span style=\"font-weight: 400;\">\n<p><\/span><\/li>\n<li style=\"font-weight: 400;\" aria-level=\"1\"><span style=\"font-weight: 400;\">S\u2019hour Ramadan<\/span><span style=\"font-weight: 400;\">\n<p><\/span><\/li>\n<li style=\"font-weight: 400;\" aria-level=\"1\"><span style=\"font-weight: 400;\">Sport et alimentation \u00e9nerg\u00e9tique naturelle<\/span><span style=\"font-weight: 400;\">\n<p><\/span><\/li>\n<li style=\"font-weight: 400;\" aria-level=\"1\"><span style=\"font-weight: 400;\">Pause gourmande traditionnelle.\u00a0 \u00a0 \u00a0 \u00a0<\/span><span style=\"font-weight: 400;\">\u00a0 \u00a0 \u00a0\u00a0<\/span><\/li>\n<\/ul>\n<p><span style=\"font-weight: 400;\">\u00a0\u00c0 consommer avec :<br \/>\n\u2714 Huile d\u2019olive extra vierge<br \/>\n\u2714 Miel naturel<br \/>\n\u2714 Lait ou eau<\/span><\/p>\n<p><span style=\"font-weight: 400;\">Un v\u00e9ritable produit du terroir tunisien, symbole de la gastronomie du Sud et de l\u2019h\u00e9ritage culinaire de <em><strong>Beni Khedache<\/strong><\/em> \u2013 <em><strong>Zammour<\/strong><\/em><\/span><span style=\"font-weight: 400;\">.<\/span><\/p>","protected":false},"excerpt":{"rendered":"<ul>\n<li><span style=\"font-weight: 400;\">100% naturelle\u00a0<\/span><\/li>\n<li><span style=\"font-weight: 400;\">Sans additifs\u00a0<\/span><\/li>\n<li>Sans conservateurs<\/li>\n<li><span style=\"font-weight: 400;\">Fabrication artisanale<\/span><\/li>\n<\/ul>","protected":false},"featured_media":7343,"comment_status":"open","ping_status":"closed","template":"","meta":[],"product_brand":[],"product_cat":[22],"product_tag":[],"class_list":{"0":"post-2511","1":"product","2":"type-product","3":"status-publish","4":"has-post-thumbnail","6":"product_cat-produits-de-terroir","8":"first","9":"instock","10":"shipping-taxable","11":"purchasable","12":"product-type-simple"},"supplier_id":null,"supplier_sku":"","barcode":null,"atum_controlled":true,"out_stock_date":null,"out_stock_threshold":null,"inheritable":false,"inbound_stock":0,"stock_on_hold":0,"sold_today":0,"sales_last_days":0,"reserved_stock":0,"customer_returns":0,"warehouse_damage":0,"lost_in_post":0,"other_logs":0,"out_stock_days":0,"lost_sales":0,"has_location":false,"update_date":"2026-05-12T00:13:07","atum_locations":[],"atum_stock_status":"instock","restock_status":false,"low_stock_amount":2,"sales_update_date":"2026-05-12T00:13:07","calc_backorders":0,"_links":{"self":[{"href":"https:\/\/makhtoum98.tn\/en\/wp-json\/wp\/v2\/product\/2511","targetHints":{"allow":["GET"]}}],"collection":[{"href":"https:\/\/makhtoum98.tn\/en\/wp-json\/wp\/v2\/product"}],"about":[{"href":"https:\/\/makhtoum98.tn\/en\/wp-json\/wp\/v2\/types\/product"}],"replies":[{"embeddable":true,"href":"https:\/\/makhtoum98.tn\/en\/wp-json\/wp\/v2\/comments?post=2511"}],"version-history":[{"count":3,"href":"https:\/\/makhtoum98.tn\/en\/wp-json\/wp\/v2\/product\/2511\/revisions"}],"predecessor-version":[{"id":7645,"href":"https:\/\/makhtoum98.tn\/en\/wp-json\/wp\/v2\/product\/2511\/revisions\/7645"}],"wp:featuredmedia":[{"embeddable":true,"href":"https:\/\/makhtoum98.tn\/en\/wp-json\/wp\/v2\/media\/7343"}],"wp:attachment":[{"href":"https:\/\/makhtoum98.tn\/en\/wp-json\/wp\/v2\/media?parent=2511"}],"wp:term":[{"taxonomy":"product_brand","embeddable":true,"href":"https:\/\/makhtoum98.tn\/en\/wp-json\/wp\/v2\/product_brand?post=2511"},{"taxonomy":"product_cat","embeddable":true,"href":"https:\/\/makhtoum98.tn\/en\/wp-json\/wp\/v2\/product_cat?post=2511"},{"taxonomy":"product_tag","embeddable":true,"href":"https:\/\/makhtoum98.tn\/en\/wp-json\/wp\/v2\/product_tag?post=2511"}],"curies":[{"name":"wp","href":"https:\/\/api.w.org\/{rel}","templated":true}]}}