{"id":2544,"date":"2021-06-06T15:42:49","date_gmt":"2021-06-06T15:42:49","guid":{"rendered":"https:\/\/www.makhtoum98.com\/?post_type=product&#038;p=2544"},"modified":"2024-07-11T11:41:05","modified_gmt":"2024-07-11T11:41:05","slug":"armoise-blanche","status":"publish","type":"product","link":"https:\/\/makhtoum98.tn\/en\/shop\/armoise-blanche\/","title":{"rendered":"White mugwort"},"content":{"rendered":"<p>Puissant vermifuge, cette plante favorise en outre l&rsquo;\u00e9limination des vers intestinaux. Utilis\u00e9 en usage externe, il est \u00e0 savoir que l&rsquo;<strong>armoise<\/strong>\u00a0peut \u00e9galement aider \u00e0 calmer les douleurs musculaires, pouvant \u00eatre ressenties apr\u00e8s d&rsquo;importants efforts physiques<\/p>","protected":false},"excerpt":{"rendered":"<p>Puissant vermifuge, cette plante favorise en outre l&rsquo;\u00e9limination des vers intestinaux. Utilis\u00e9 en usage externe, il est \u00e0 savoir que l&rsquo;armoise\u00a0peut \u00e9galement aider \u00e0 calmer les douleurs musculaires, pouvant \u00eatre ressenties apr\u00e8s d&rsquo;importants efforts physiques<\/p>","protected":false},"featured_media":5607,"comment_status":"open","ping_status":"closed","template":"","meta":[],"product_brand":[],"product_cat":[161],"product_tag":[],"class_list":{"0":"post-2544","1":"product","2":"type-product","3":"status-publish","4":"has-post-thumbnail","6":"product_cat-tisanes","8":"first","9":"instock","10":"shipping-taxable","11":"purchasable","12":"product-type-simple"},"supplier_id":null,"supplier_sku":"","barcode":null,"atum_controlled":true,"out_stock_date":null,"out_stock_threshold":null,"inheritable":false,"inbound_stock":0,"stock_on_hold":0,"sold_today":0,"sales_last_days":0,"reserved_stock":0,"customer_returns":0,"warehouse_damage":0,"lost_in_post":0,"other_logs":0,"out_stock_days":0,"lost_sales":0,"has_location":false,"update_date":"2026-05-14T00:29:47","atum_locations":[],"atum_stock_status":"instock","restock_status":false,"low_stock_amount":"","sales_update_date":"2026-05-14T00:29:47","calc_backorders":null,"_links":{"self":[{"href":"https:\/\/makhtoum98.tn\/en\/wp-json\/wp\/v2\/product\/2544","targetHints":{"allow":["GET"]}}],"collection":[{"href":"https:\/\/makhtoum98.tn\/en\/wp-json\/wp\/v2\/product"}],"about":[{"href":"https:\/\/makhtoum98.tn\/en\/wp-json\/wp\/v2\/types\/product"}],"replies":[{"embeddable":true,"href":"https:\/\/makhtoum98.tn\/en\/wp-json\/wp\/v2\/comments?post=2544"}],"version-history":[{"count":1,"href":"https:\/\/makhtoum98.tn\/en\/wp-json\/wp\/v2\/product\/2544\/revisions"}],"predecessor-version":[{"id":5368,"href":"https:\/\/makhtoum98.tn\/en\/wp-json\/wp\/v2\/product\/2544\/revisions\/5368"}],"wp:featuredmedia":[{"embeddable":true,"href":"https:\/\/makhtoum98.tn\/en\/wp-json\/wp\/v2\/media\/5607"}],"wp:attachment":[{"href":"https:\/\/makhtoum98.tn\/en\/wp-json\/wp\/v2\/media?parent=2544"}],"wp:term":[{"taxonomy":"product_brand","embeddable":true,"href":"https:\/\/makhtoum98.tn\/en\/wp-json\/wp\/v2\/product_brand?post=2544"},{"taxonomy":"product_cat","embeddable":true,"href":"https:\/\/makhtoum98.tn\/en\/wp-json\/wp\/v2\/product_cat?post=2544"},{"taxonomy":"product_tag","embeddable":true,"href":"https:\/\/makhtoum98.tn\/en\/wp-json\/wp\/v2\/product_tag?post=2544"}],"curies":[{"name":"wp","href":"https:\/\/api.w.org\/{rel}","templated":true}]}}