{"id":2548,"date":"2021-06-06T15:50:59","date_gmt":"2021-06-06T15:50:59","guid":{"rendered":"https:\/\/www.makhtoum98.com\/?post_type=product&#038;p=2548"},"modified":"2024-07-11T11:43:04","modified_gmt":"2024-07-11T11:43:04","slug":"lamiacee","status":"publish","type":"product","link":"https:\/\/makhtoum98.tn\/en\/shop\/lamiacee\/","title":{"rendered":"Lamiaceae"},"content":{"rendered":"<pre style=\"line-height: 21.6pt; background: #F8F9FA;\"><span style=\"font-size: 12.0pt; font-family: 'Times New Roman','serif';\">Prestations m\u00e9dicales \/ pour traiter le diab\u00e8te, en particulier la glyc\u00e9mie<\/span><\/pre>\n<pre style=\"line-height: 21.6pt; background: #F8F9FA;\"><span style=\"font-size: 12.0pt; font-family: 'Times New Roman','serif';\">R\u00e9duit la temp\u00e9rature et est utilis\u00e9 pour traiter la fi\u00e8vre<\/span><span style=\"font-size: 17.0pt; color: #202124;\">.<\/span><\/pre>","protected":false},"excerpt":{"rendered":"<p>Prestations m\u00e9dicales \/ pour traiter le diab\u00e8te, en particulier la glyc\u00e9mie R\u00e9duit la temp\u00e9rature et est utilis\u00e9 pour traiter la fi\u00e8vre.<\/p>","protected":false},"featured_media":5643,"comment_status":"open","ping_status":"closed","template":"","meta":[],"product_brand":[],"product_cat":[161],"product_tag":[],"class_list":{"0":"post-2548","1":"product","2":"type-product","3":"status-publish","4":"has-post-thumbnail","6":"product_cat-tisanes","8":"first","9":"instock","10":"shipping-taxable","11":"purchasable","12":"product-type-simple"},"supplier_id":null,"supplier_sku":"","barcode":null,"atum_controlled":true,"out_stock_date":null,"out_stock_threshold":null,"inheritable":false,"inbound_stock":0,"stock_on_hold":0,"sold_today":0,"sales_last_days":0,"reserved_stock":0,"customer_returns":0,"warehouse_damage":0,"lost_in_post":0,"other_logs":0,"out_stock_days":0,"lost_sales":0,"has_location":false,"update_date":"2026-05-14T00:29:47","atum_locations":[],"atum_stock_status":"instock","restock_status":false,"low_stock_amount":2,"sales_update_date":"2026-05-14T00:29:47","calc_backorders":null,"_links":{"self":[{"href":"https:\/\/makhtoum98.tn\/en\/wp-json\/wp\/v2\/product\/2548","targetHints":{"allow":["GET"]}}],"collection":[{"href":"https:\/\/makhtoum98.tn\/en\/wp-json\/wp\/v2\/product"}],"about":[{"href":"https:\/\/makhtoum98.tn\/en\/wp-json\/wp\/v2\/types\/product"}],"replies":[{"embeddable":true,"href":"https:\/\/makhtoum98.tn\/en\/wp-json\/wp\/v2\/comments?post=2548"}],"version-history":[{"count":1,"href":"https:\/\/makhtoum98.tn\/en\/wp-json\/wp\/v2\/product\/2548\/revisions"}],"predecessor-version":[{"id":5370,"href":"https:\/\/makhtoum98.tn\/en\/wp-json\/wp\/v2\/product\/2548\/revisions\/5370"}],"wp:featuredmedia":[{"embeddable":true,"href":"https:\/\/makhtoum98.tn\/en\/wp-json\/wp\/v2\/media\/5643"}],"wp:attachment":[{"href":"https:\/\/makhtoum98.tn\/en\/wp-json\/wp\/v2\/media?parent=2548"}],"wp:term":[{"taxonomy":"product_brand","embeddable":true,"href":"https:\/\/makhtoum98.tn\/en\/wp-json\/wp\/v2\/product_brand?post=2548"},{"taxonomy":"product_cat","embeddable":true,"href":"https:\/\/makhtoum98.tn\/en\/wp-json\/wp\/v2\/product_cat?post=2548"},{"taxonomy":"product_tag","embeddable":true,"href":"https:\/\/makhtoum98.tn\/en\/wp-json\/wp\/v2\/product_tag?post=2548"}],"curies":[{"name":"wp","href":"https:\/\/api.w.org\/{rel}","templated":true}]}}