{"id":2550,"date":"2021-06-06T15:53:17","date_gmt":"2021-06-06T15:53:17","guid":{"rendered":"https:\/\/www.makhtoum98.com\/?post_type=product&#038;p=2550"},"modified":"2024-07-11T11:35:13","modified_gmt":"2024-07-11T11:35:13","slug":"caprier","status":"publish","type":"product","link":"https:\/\/makhtoum98.tn\/en\/shop\/caprier\/","title":{"rendered":"Caper"},"content":{"rendered":"<p>Les feuilles, pli\u00e9es, avec un peu d&rsquo;eau ou frott\u00e9es, sont utilis\u00e9es en usage externe contre les piq\u00fbres d&rsquo;insectes, l&rsquo;urticaire<\/p>","protected":false},"excerpt":{"rendered":"<p>Les feuilles, pli\u00e9es, avec un peu d&rsquo;eau ou frott\u00e9es, sont utilis\u00e9es en usage externe contre les piq\u00fbres d&rsquo;insectes, l&rsquo;urticaire<\/p>","protected":false},"featured_media":5632,"comment_status":"open","ping_status":"closed","template":"","meta":[],"product_brand":[],"product_cat":[161],"product_tag":[],"class_list":{"0":"post-2550","1":"product","2":"type-product","3":"status-publish","4":"has-post-thumbnail","6":"product_cat-tisanes","8":"first","9":"instock","10":"shipping-taxable","11":"purchasable","12":"product-type-simple"},"supplier_id":null,"supplier_sku":"","barcode":null,"atum_controlled":true,"out_stock_date":null,"out_stock_threshold":null,"inheritable":false,"inbound_stock":0,"stock_on_hold":0,"sold_today":0,"sales_last_days":0,"reserved_stock":0,"customer_returns":0,"warehouse_damage":0,"lost_in_post":0,"other_logs":0,"out_stock_days":0,"lost_sales":0,"has_location":false,"update_date":"2026-05-12T00:13:07","atum_locations":[],"atum_stock_status":"instock","restock_status":false,"low_stock_amount":"","sales_update_date":"2026-05-12T00:13:07","calc_backorders":null,"_links":{"self":[{"href":"https:\/\/makhtoum98.tn\/en\/wp-json\/wp\/v2\/product\/2550","targetHints":{"allow":["GET"]}}],"collection":[{"href":"https:\/\/makhtoum98.tn\/en\/wp-json\/wp\/v2\/product"}],"about":[{"href":"https:\/\/makhtoum98.tn\/en\/wp-json\/wp\/v2\/types\/product"}],"replies":[{"embeddable":true,"href":"https:\/\/makhtoum98.tn\/en\/wp-json\/wp\/v2\/comments?post=2550"}],"version-history":[{"count":1,"href":"https:\/\/makhtoum98.tn\/en\/wp-json\/wp\/v2\/product\/2550\/revisions"}],"predecessor-version":[{"id":5369,"href":"https:\/\/makhtoum98.tn\/en\/wp-json\/wp\/v2\/product\/2550\/revisions\/5369"}],"wp:featuredmedia":[{"embeddable":true,"href":"https:\/\/makhtoum98.tn\/en\/wp-json\/wp\/v2\/media\/5632"}],"wp:attachment":[{"href":"https:\/\/makhtoum98.tn\/en\/wp-json\/wp\/v2\/media?parent=2550"}],"wp:term":[{"taxonomy":"product_brand","embeddable":true,"href":"https:\/\/makhtoum98.tn\/en\/wp-json\/wp\/v2\/product_brand?post=2550"},{"taxonomy":"product_cat","embeddable":true,"href":"https:\/\/makhtoum98.tn\/en\/wp-json\/wp\/v2\/product_cat?post=2550"},{"taxonomy":"product_tag","embeddable":true,"href":"https:\/\/makhtoum98.tn\/en\/wp-json\/wp\/v2\/product_tag?post=2550"}],"curies":[{"name":"wp","href":"https:\/\/api.w.org\/{rel}","templated":true}]}}