{"id":29,"date":"2021-02-24T08:15:25","date_gmt":"2021-02-24T08:15:25","guid":{"rendered":"https:\/\/www.makhtoum98.com\/?product=soupe-dorge"},"modified":"2024-05-23T09:59:44","modified_gmt":"2024-05-23T09:59:44","slug":"soupe-dorge","status":"publish","type":"product","link":"https:\/\/makhtoum98.tn\/en\/shop\/soupe-dorge\/","title":{"rendered":"Soupe d&rsquo;orge"},"content":{"rendered":"<p>L&rsquo;orge est\u00a0riche en fibres solubles, dont la consommation peut contribuer\u00a0\u00e0\u00a0une normalisation des concentrations sanguines\u00a0de\u00a0cholest\u00e9rol,\u00a0de\u00a0glucose\u00a0et\u00a0d&rsquo;insuline<\/p>","protected":false},"excerpt":{"rendered":"<p>Pr\u00e9par\u00e9e d&rsquo;une mani\u00e8re traditionnelle.<\/p>","protected":false},"featured_media":0,"comment_status":"open","ping_status":"closed","template":"","meta":[],"product_brand":[],"product_cat":[22],"product_tag":[],"class_list":{"0":"post-29","1":"product","2":"type-product","3":"status-publish","5":"product_cat-produits-de-terroir","7":"first","8":"instock","9":"product-type-variable"},"supplier_id":null,"supplier_sku":"","barcode":null,"atum_controlled":true,"out_stock_date":null,"out_stock_threshold":null,"inheritable":true,"inbound_stock":0,"stock_on_hold":0,"sold_today":0,"sales_last_days":0,"reserved_stock":0,"customer_returns":0,"warehouse_damage":0,"lost_in_post":0,"other_logs":0,"out_stock_days":0,"lost_sales":0,"has_location":false,"update_date":"2026-05-12T00:13:13","atum_locations":[],"atum_stock_status":"instock","restock_status":false,"low_stock_amount":2,"sales_update_date":"2026-05-12T00:13:13","calc_backorders":0,"_links":{"self":[{"href":"https:\/\/makhtoum98.tn\/en\/wp-json\/wp\/v2\/product\/29","targetHints":{"allow":["GET"]}}],"collection":[{"href":"https:\/\/makhtoum98.tn\/en\/wp-json\/wp\/v2\/product"}],"about":[{"href":"https:\/\/makhtoum98.tn\/en\/wp-json\/wp\/v2\/types\/product"}],"replies":[{"embeddable":true,"href":"https:\/\/makhtoum98.tn\/en\/wp-json\/wp\/v2\/comments?post=29"}],"version-history":[{"count":2,"href":"https:\/\/makhtoum98.tn\/en\/wp-json\/wp\/v2\/product\/29\/revisions"}],"predecessor-version":[{"id":2327,"href":"https:\/\/makhtoum98.tn\/en\/wp-json\/wp\/v2\/product\/29\/revisions\/2327"}],"wp:attachment":[{"href":"https:\/\/makhtoum98.tn\/en\/wp-json\/wp\/v2\/media?parent=29"}],"wp:term":[{"taxonomy":"product_brand","embeddable":true,"href":"https:\/\/makhtoum98.tn\/en\/wp-json\/wp\/v2\/product_brand?post=29"},{"taxonomy":"product_cat","embeddable":true,"href":"https:\/\/makhtoum98.tn\/en\/wp-json\/wp\/v2\/product_cat?post=29"},{"taxonomy":"product_tag","embeddable":true,"href":"https:\/\/makhtoum98.tn\/en\/wp-json\/wp\/v2\/product_tag?post=29"}],"curies":[{"name":"wp","href":"https:\/\/api.w.org\/{rel}","templated":true}]}}