{"id":5571,"date":"2021-06-15T16:53:33","date_gmt":"2021-06-15T16:53:33","guid":{"rendered":"https:\/\/www.makhtoum98.com\/?post_type=product&#038;p=5571"},"modified":"2024-06-28T14:27:35","modified_gmt":"2024-06-28T14:27:35","slug":"zrir-aux-fruits-secs","status":"publish","type":"product","link":"https:\/\/makhtoum98.tn\/en\/shop\/zrir-aux-fruits-secs\/","title":{"rendered":"Zrir with dried fruits"},"content":{"rendered":"<p>Le\u00a0zrir\u00a0est un m\u00e9lange\u00a0de\u00a0graines de\u00a0pistaches, amandes, noisettes, pistaches, graines de s\u00e9same, pignon de pin, beurre, miel<\/p>\n<p>Les bienfaits de Zrir :<\/p>\n<p>&#8211; Concentr\u00e9s en min\u00e9raux, en fibres et en vitamines, excellents pour notre sant\u00e9, apportant la vitalit\u00e9, le tonus et l\u2019\u00e9nergie :<br \/>\nRiche en vitamine E, de vitamine A et de nombreuses vitamines B, en particulier la B9 indispensable aux femmes enceintes<br \/>\nExtr\u00eamement riche en min\u00e9raux et oligo\u00e9l\u00e9ments dont certains sont assez rares : calcium, phosphore, cuivre, potassium, mangan\u00e8se, zinc, magn\u00e9sium, silice, chrome, nickel, s\u00e9l\u00e9nium, fer (n&rsquo;oubliez pas que le fer d&rsquo;origine v\u00e9g\u00e9tale sera mieux assimil\u00e9 si vous mangez un aliment contenant de la vitamine C au m\u00eame repas)<br \/>\n&#8211; Tr\u00e8s riches en acides gras insatur\u00e9s essentiels \u00e0 notre sant\u00e9 : 40% de mono-insatur\u00e9es (comme l&rsquo;huile d&rsquo;olive) et 40% de polyinsatur\u00e9es (surtout om\u00e9ga 6)<br \/>\n&#8211; Grandes sources d\u2019antioxydants efficaces contre les radicaux libres, le vieillissement cellulaire, les maladies cardio-vasculaires et certains cancers (surtout les cancers du sein et de la prostate)<br \/>\n&#8211; Stimulant le syst\u00e8me digestif<br \/>\n&#8211; Favorisant la grossesse et la lactation.<\/p>","protected":false},"excerpt":{"rendered":"<p>Pr\u00e9par\u00e9 d&rsquo;une mani\u00e8re traditionnelle.<\/p>","protected":false},"featured_media":7255,"comment_status":"open","ping_status":"closed","template":"","meta":[],"product_brand":[],"product_cat":[22],"product_tag":[],"class_list":{"0":"post-5571","1":"product","2":"type-product","3":"status-publish","4":"has-post-thumbnail","6":"product_cat-produits-de-terroir","8":"first","9":"instock","10":"sale","11":"purchasable","12":"product-type-simple"},"supplier_id":null,"supplier_sku":"","barcode":null,"atum_controlled":true,"out_stock_date":null,"out_stock_threshold":null,"inheritable":false,"inbound_stock":0,"stock_on_hold":0,"sold_today":0,"sales_last_days":0,"reserved_stock":0,"customer_returns":0,"warehouse_damage":0,"lost_in_post":0,"other_logs":0,"out_stock_days":0,"lost_sales":0,"has_location":false,"update_date":"2026-05-12T00:13:08","atum_locations":[],"atum_stock_status":"instock","restock_status":false,"low_stock_amount":"","sales_update_date":"2026-05-12T00:13:08","calc_backorders":null,"_links":{"self":[{"href":"https:\/\/makhtoum98.tn\/en\/wp-json\/wp\/v2\/product\/5571","targetHints":{"allow":["GET"]}}],"collection":[{"href":"https:\/\/makhtoum98.tn\/en\/wp-json\/wp\/v2\/product"}],"about":[{"href":"https:\/\/makhtoum98.tn\/en\/wp-json\/wp\/v2\/types\/product"}],"replies":[{"embeddable":true,"href":"https:\/\/makhtoum98.tn\/en\/wp-json\/wp\/v2\/comments?post=5571"}],"version-history":[{"count":4,"href":"https:\/\/makhtoum98.tn\/en\/wp-json\/wp\/v2\/product\/5571\/revisions"}],"predecessor-version":[{"id":7256,"href":"https:\/\/makhtoum98.tn\/en\/wp-json\/wp\/v2\/product\/5571\/revisions\/7256"}],"wp:featuredmedia":[{"embeddable":true,"href":"https:\/\/makhtoum98.tn\/en\/wp-json\/wp\/v2\/media\/7255"}],"wp:attachment":[{"href":"https:\/\/makhtoum98.tn\/en\/wp-json\/wp\/v2\/media?parent=5571"}],"wp:term":[{"taxonomy":"product_brand","embeddable":true,"href":"https:\/\/makhtoum98.tn\/en\/wp-json\/wp\/v2\/product_brand?post=5571"},{"taxonomy":"product_cat","embeddable":true,"href":"https:\/\/makhtoum98.tn\/en\/wp-json\/wp\/v2\/product_cat?post=5571"},{"taxonomy":"product_tag","embeddable":true,"href":"https:\/\/makhtoum98.tn\/en\/wp-json\/wp\/v2\/product_tag?post=5571"}],"curies":[{"name":"wp","href":"https:\/\/api.w.org\/{rel}","templated":true}]}}