{"id":5816,"date":"2021-07-10T08:16:49","date_gmt":"2021-07-10T08:16:49","guid":{"rendered":"https:\/\/www.makhtoum98.com\/?post_type=product&#038;p=5816"},"modified":"2026-04-20T19:35:50","modified_gmt":"2026-04-20T19:35:50","slug":"couscous-de-ble","status":"publish","type":"product","link":"https:\/\/makhtoum98.tn\/en\/shop\/couscous-de-ble\/","title":{"rendered":"Wheat couscous"},"content":{"rendered":"<p><span style=\"font-weight: 400;\">\u00a0Notre couscous complet 100% semoule compl\u00e8te de bl\u00e9 dur, fabriqu\u00e9 \u00e0 la main \u00e0\u00a0 Zammour \u2013 Beni Khedache, au c\u0153ur du Sud tunisien.<\/span><\/p>\n<p><span style=\"font-weight: 400;\">Issu d\u2019un savoir-faire ancestral transmis de g\u00e9n\u00e9ration en g\u00e9n\u00e9ration, ce couscous est pr\u00e9par\u00e9 artisanalement selon les m\u00e9thodes traditionnelles :\u00a0<\/span><\/p>\n<ul>\n<li style=\"font-weight: 400;\" aria-level=\"1\"><span style=\"font-weight: 400;\">roul\u00e9 \u00e0 la main,\u00a0<\/span><\/li>\n<li style=\"font-weight: 400;\" aria-level=\"1\"><span style=\"font-weight: 400;\">s\u00e9ch\u00e9 naturellement\u00a0<\/span><\/li>\n<li style=\"font-weight: 400;\" aria-level=\"1\"><span style=\"font-weight: 400;\">travaill\u00e9 avec patience et passion.<\/span><\/li>\n<\/ul>\n<p><span style=\"font-weight: 400;\">\u00c9labor\u00e9 exclusivement \u00e0 partir de bl\u00e9 dur complet soigneusement s\u00e9lectionn\u00e9, il conserve toutes ses qualit\u00e9s nutritionnelles ainsi que son go\u00fbt authentique, l\u00e9g\u00e8rement rustique et riche en caract\u00e8re.<\/span><\/p>\n<h3><span style=\"font-weight: 400;\">Un Couscous Sain et Naturel<\/span><span style=\"font-weight: 400;\">\u00a0<\/span><\/h3>\n<p><span style=\"font-weight: 400;\">\u2714 Riche en fibres naturelles<\/span><span style=\"font-weight: 400;\"><br \/>\n<\/span><span style=\"font-weight: 400;\"> \u2714 Source de prot\u00e9ines v\u00e9g\u00e9tales<\/span><span style=\"font-weight: 400;\"><br \/>\n<\/span><span style=\"font-weight: 400;\"> \u2714 \u00c9nergie durable et nutritive<\/span><span style=\"font-weight: 400;\"><br \/>\n<\/span><span style=\"font-weight: 400;\"> \u2714 Id\u00e9al pour une alimentation \u00e9quilibr\u00e9e<\/span><\/p>\n<h3><span style=\"font-weight: 400;\">Parfait pour Vos Plats Traditionnels<\/span><\/h3>\n<p><span style=\"font-weight: 400;\">Il sublime :<\/span><span style=\"font-weight: 400;\"><br \/>\n<\/span><span style=\"font-weight: 400;\"> \u2714 Le couscous traditionnel \u00e0 la viande ou au poulet<\/span><span style=\"font-weight: 400;\"><br \/>\n<\/span><span style=\"font-weight: 400;\"> \u2714 Les recettes aux l\u00e9gumes du terroir<\/span><span style=\"font-weight: 400;\"><br \/>\n<\/span><span style=\"font-weight: 400;\"> \u2714 Les tables ramadanesques<\/span><\/p>\n<p><span style=\"font-weight: 400;\">Un v\u00e9ritable produit du terroir de Zammour \u2013 Beni Khedache, reflet de l\u2019authenticit\u00e9 culinaire du Sud tunisien et de la richesse de son patrimoine gastronomique<\/span><b>.<\/b><\/p>","protected":false},"excerpt":{"rendered":"<ul>\n<li><span style=\"font-weight: 400;\">100% Naturel <\/span><\/li>\n<li><span style=\"font-weight: 400;\">Fabrication Artisanale<\/span><\/li>\n<li><span style=\"font-weight: 400;\">Sans additifs<\/span><\/li>\n<li><span style=\"font-weight: 400;\">Sans conservateurs<\/span><span style=\"font-weight: 400;\"><br \/>\n<\/span><\/li>\n<li><span style=\"font-weight: 400;\">S\u00e9chage naturel<\/span><span style=\"font-weight: 400;\"><br \/>\n<\/span><\/li>\n<li><span style=\"font-weight: 400;\">Travail manuel<\/span><\/li>\n<\/ul>","protected":false},"featured_media":5853,"comment_status":"open","ping_status":"closed","template":"","meta":[],"product_brand":[],"product_cat":[22],"product_tag":[],"class_list":{"0":"post-5816","1":"product","2":"type-product","3":"status-publish","4":"has-post-thumbnail","6":"product_cat-produits-de-terroir","7":"product_shipping_class-poste","9":"first","10":"instock","11":"purchasable","12":"product-type-simple"},"supplier_id":5748,"supplier_sku":"paket","barcode":null,"atum_controlled":true,"out_stock_date":null,"out_stock_threshold":null,"inheritable":false,"inbound_stock":0,"stock_on_hold":0,"sold_today":0,"sales_last_days":0,"reserved_stock":0,"customer_returns":0,"warehouse_damage":0,"lost_in_post":0,"other_logs":0,"out_stock_days":0,"lost_sales":0,"has_location":false,"update_date":"2026-05-12T00:13:08","atum_locations":[],"atum_stock_status":"instock","restock_status":false,"low_stock_amount":2,"sales_update_date":"2026-05-12T00:13:08","calc_backorders":0,"_links":{"self":[{"href":"https:\/\/makhtoum98.tn\/en\/wp-json\/wp\/v2\/product\/5816","targetHints":{"allow":["GET"]}}],"collection":[{"href":"https:\/\/makhtoum98.tn\/en\/wp-json\/wp\/v2\/product"}],"about":[{"href":"https:\/\/makhtoum98.tn\/en\/wp-json\/wp\/v2\/types\/product"}],"replies":[{"embeddable":true,"href":"https:\/\/makhtoum98.tn\/en\/wp-json\/wp\/v2\/comments?post=5816"}],"version-history":[{"count":3,"href":"https:\/\/makhtoum98.tn\/en\/wp-json\/wp\/v2\/product\/5816\/revisions"}],"predecessor-version":[{"id":7643,"href":"https:\/\/makhtoum98.tn\/en\/wp-json\/wp\/v2\/product\/5816\/revisions\/7643"}],"wp:featuredmedia":[{"embeddable":true,"href":"https:\/\/makhtoum98.tn\/en\/wp-json\/wp\/v2\/media\/5853"}],"wp:attachment":[{"href":"https:\/\/makhtoum98.tn\/en\/wp-json\/wp\/v2\/media?parent=5816"}],"wp:term":[{"taxonomy":"product_brand","embeddable":true,"href":"https:\/\/makhtoum98.tn\/en\/wp-json\/wp\/v2\/product_brand?post=5816"},{"taxonomy":"product_cat","embeddable":true,"href":"https:\/\/makhtoum98.tn\/en\/wp-json\/wp\/v2\/product_cat?post=5816"},{"taxonomy":"product_tag","embeddable":true,"href":"https:\/\/makhtoum98.tn\/en\/wp-json\/wp\/v2\/product_tag?post=5816"}],"curies":[{"name":"wp","href":"https:\/\/api.w.org\/{rel}","templated":true}]}}