{"id":5820,"date":"2021-07-10T08:29:18","date_gmt":"2021-07-10T08:29:18","guid":{"rendered":"https:\/\/www.makhtoum98.com\/?post_type=product&#038;p=5820"},"modified":"2026-04-20T19:25:43","modified_gmt":"2026-04-20T19:25:43","slug":"granola","status":"publish","type":"product","link":"https:\/\/makhtoum98.tn\/en\/shop\/granola\/","title":{"rendered":"Granola"},"content":{"rendered":"<p><span style=\"font-weight: 400;\">Notre Granola artisanal Makhtoum, une cr\u00e9ation saine et savoureuse, pr\u00e9par\u00e9e avec soin selon un savoir-faire authentique.<\/span><\/p>\n<p><span style=\"font-weight: 400;\">\u00c9labor\u00e9 \u00e0 base de flocons d\u2019avoine soigneusement s\u00e9lectionn\u00e9s, ce granola premium est enrichi d\u2019un m\u00e9lange g\u00e9n\u00e9reux d\u2019amandes croquantes, de raisins secs naturellement sucr\u00e9s, de figues s\u00e9ch\u00e9es fondantes et de graines de s\u00e9same riches en nutriments.<\/span><\/p>\n<p><span style=\"font-weight: 400;\">Riche en fibres naturelles, en prot\u00e9ines v\u00e9g\u00e9tales et en \u00e9nergie durable, le granola est id\u00e9al pour :<\/span><\/p>\n<ul>\n<li><span style=\"font-weight: 400;\">Petit-d\u00e9jeuner sain et \u00e9quilibr\u00e9<\/span><\/li>\n<li><span style=\"font-weight: 400;\">Collation \u00e9nerg\u00e9tique naturelle<\/span><\/li>\n<li><span style=\"font-weight: 400;\">Accompagnement de yaourt ou smoothie<\/span><\/li>\n<li><span style=\"font-weight: 400;\">Pause gourmande et nutritive.<\/span><\/li>\n<\/ul>\n<p><span style=\"font-weight: 400;\">\u00c0 consommer avec :<\/span><span style=\"font-weight: 400;\"><br \/>\n<\/span><span style=\"font-weight: 400;\"> \u2714 Lait frais ou v\u00e9g\u00e9tal<\/span><span style=\"font-weight: 400;\"><br \/>\n<\/span><span style=\"font-weight: 400;\"> \u2714 Yaourt nature<\/span><span style=\"font-weight: 400;\"><br \/>\n<\/span><span style=\"font-weight: 400;\"> \u2714 Miel naturel<\/span><span style=\"font-weight: 400;\"><br \/>\n<\/span><span style=\"font-weight: 400;\"> \u2714 Fruits frais<\/span><\/p>\n<p><span style=\"font-weight: 400;\">Un produit authentique, symbole d\u2019une alimentation saine et d\u2019un savoir-faire artisanal de qualit\u00e9.<\/span><\/p>","protected":false},"excerpt":{"rendered":"<ul>\n<li><span style=\"font-weight: 400;\">100% naturel\u00a0<\/span><\/li>\n<li><span style=\"font-weight: 400;\"> Sans additifs\u00a0<\/span><\/li>\n<li><span style=\"font-weight: 400;\"> Sans colorants\u00a0<\/span><\/li>\n<li><span style=\"font-weight: 400;\"> Sans conservateurs <\/span><\/li>\n<li><span style=\"font-weight: 400;\">Fabrication artisanale<\/span><\/li>\n<\/ul>","protected":false},"featured_media":7444,"comment_status":"open","ping_status":"closed","template":"","meta":[],"product_brand":[],"product_cat":[22],"product_tag":[],"class_list":{"0":"post-5820","1":"product","2":"type-product","3":"status-publish","4":"has-post-thumbnail","6":"product_cat-produits-de-terroir","8":"first","9":"instock","10":"sale","11":"purchasable","12":"product-type-simple"},"supplier_id":null,"supplier_sku":"","barcode":null,"atum_controlled":true,"out_stock_date":null,"out_stock_threshold":null,"inheritable":false,"inbound_stock":0,"stock_on_hold":0,"sold_today":0,"sales_last_days":0,"reserved_stock":0,"customer_returns":0,"warehouse_damage":0,"lost_in_post":0,"other_logs":0,"out_stock_days":0,"lost_sales":0,"has_location":false,"update_date":"2026-05-12T00:13:13","atum_locations":[],"atum_stock_status":"instock","restock_status":false,"low_stock_amount":2,"sales_update_date":"2026-05-12T00:13:13","calc_backorders":0,"_links":{"self":[{"href":"https:\/\/makhtoum98.tn\/en\/wp-json\/wp\/v2\/product\/5820","targetHints":{"allow":["GET"]}}],"collection":[{"href":"https:\/\/makhtoum98.tn\/en\/wp-json\/wp\/v2\/product"}],"about":[{"href":"https:\/\/makhtoum98.tn\/en\/wp-json\/wp\/v2\/types\/product"}],"replies":[{"embeddable":true,"href":"https:\/\/makhtoum98.tn\/en\/wp-json\/wp\/v2\/comments?post=5820"}],"version-history":[{"count":3,"href":"https:\/\/makhtoum98.tn\/en\/wp-json\/wp\/v2\/product\/5820\/revisions"}],"predecessor-version":[{"id":7641,"href":"https:\/\/makhtoum98.tn\/en\/wp-json\/wp\/v2\/product\/5820\/revisions\/7641"}],"wp:featuredmedia":[{"embeddable":true,"href":"https:\/\/makhtoum98.tn\/en\/wp-json\/wp\/v2\/media\/7444"}],"wp:attachment":[{"href":"https:\/\/makhtoum98.tn\/en\/wp-json\/wp\/v2\/media?parent=5820"}],"wp:term":[{"taxonomy":"product_brand","embeddable":true,"href":"https:\/\/makhtoum98.tn\/en\/wp-json\/wp\/v2\/product_brand?post=5820"},{"taxonomy":"product_cat","embeddable":true,"href":"https:\/\/makhtoum98.tn\/en\/wp-json\/wp\/v2\/product_cat?post=5820"},{"taxonomy":"product_tag","embeddable":true,"href":"https:\/\/makhtoum98.tn\/en\/wp-json\/wp\/v2\/product_tag?post=5820"}],"curies":[{"name":"wp","href":"https:\/\/api.w.org\/{rel}","templated":true}]}}