{"id":5860,"date":"2021-07-10T19:08:50","date_gmt":"2021-07-10T19:08:50","guid":{"rendered":"https:\/\/www.makhtoum98.com\/?post_type=product&#038;p=5860"},"modified":"2026-02-06T08:13:12","modified_gmt":"2026-02-06T08:13:12","slug":"eau-florale-de-darmoise-blanche","status":"publish","type":"product","link":"https:\/\/makhtoum98.tn\/en\/shop\/eau-florale-de-darmoise-blanche\/","title":{"rendered":"White mugwort floral water"},"content":{"rendered":"<p><span style=\"font-family: 'Arial','sans-serif'; color: #666666; background: white;\">Id\u00e9ale pour les varices, elle aide \u00e9galement les peaux couperos\u00e9es, irrit\u00e9es.<\/span><\/p>\n<p><span style=\"font-family: 'Arial','sans-serif'; color: #666666; background: white;\">On utilise l&rsquo;eau florale d&rsquo;Armoise pour r\u00e9guler le cycle menstruel, les r\u00e8gles douloureuses, la m\u00e9nopause.<\/span><\/p>","protected":false},"excerpt":{"rendered":"<p>Usage alimentaire<\/p>\n<p>sans conservateurs<\/p>\n<p>Distillation \u00e0 la vapeur<\/p>\n<p>100% Naturelle<\/p>","protected":false},"featured_media":7493,"comment_status":"open","ping_status":"closed","template":"","meta":[],"product_brand":[],"product_cat":[33],"product_tag":[],"class_list":{"0":"post-5860","1":"product","2":"type-product","3":"status-publish","4":"has-post-thumbnail","6":"product_cat-eaux-florales-distillees","8":"first","9":"onbackorder","10":"shipping-taxable","11":"purchasable","12":"product-type-simple"},"supplier_id":null,"supplier_sku":"","barcode":null,"atum_controlled":true,"out_stock_date":null,"out_stock_threshold":null,"inheritable":false,"inbound_stock":0,"stock_on_hold":0,"sold_today":0,"sales_last_days":0,"reserved_stock":0,"customer_returns":0,"warehouse_damage":0,"lost_in_post":0,"other_logs":0,"out_stock_days":0,"lost_sales":0,"has_location":false,"update_date":"2026-05-12T00:13:08","atum_locations":[],"atum_stock_status":"onbackorder","restock_status":false,"low_stock_amount":2,"sales_update_date":"2026-05-12T00:13:08","calc_backorders":-3,"_links":{"self":[{"href":"https:\/\/makhtoum98.tn\/en\/wp-json\/wp\/v2\/product\/5860","targetHints":{"allow":["GET"]}}],"collection":[{"href":"https:\/\/makhtoum98.tn\/en\/wp-json\/wp\/v2\/product"}],"about":[{"href":"https:\/\/makhtoum98.tn\/en\/wp-json\/wp\/v2\/types\/product"}],"replies":[{"embeddable":true,"href":"https:\/\/makhtoum98.tn\/en\/wp-json\/wp\/v2\/comments?post=5860"}],"version-history":[{"count":1,"href":"https:\/\/makhtoum98.tn\/en\/wp-json\/wp\/v2\/product\/5860\/revisions"}],"predecessor-version":[{"id":5863,"href":"https:\/\/makhtoum98.tn\/en\/wp-json\/wp\/v2\/product\/5860\/revisions\/5863"}],"wp:featuredmedia":[{"embeddable":true,"href":"https:\/\/makhtoum98.tn\/en\/wp-json\/wp\/v2\/media\/7493"}],"wp:attachment":[{"href":"https:\/\/makhtoum98.tn\/en\/wp-json\/wp\/v2\/media?parent=5860"}],"wp:term":[{"taxonomy":"product_brand","embeddable":true,"href":"https:\/\/makhtoum98.tn\/en\/wp-json\/wp\/v2\/product_brand?post=5860"},{"taxonomy":"product_cat","embeddable":true,"href":"https:\/\/makhtoum98.tn\/en\/wp-json\/wp\/v2\/product_cat?post=5860"},{"taxonomy":"product_tag","embeddable":true,"href":"https:\/\/makhtoum98.tn\/en\/wp-json\/wp\/v2\/product_tag?post=5860"}],"curies":[{"name":"wp","href":"https:\/\/api.w.org\/{rel}","templated":true}]}}