{"id":5879,"date":"2021-07-14T10:04:25","date_gmt":"2021-07-14T10:04:25","guid":{"rendered":"https:\/\/www.makhtoum98.com\/?post_type=product&#038;p=5879"},"modified":"2026-02-06T08:18:30","modified_gmt":"2026-02-06T08:18:30","slug":"eau-florale-de-geranium","status":"publish","type":"product","link":"https:\/\/makhtoum98.tn\/en\/shop\/eau-florale-de-geranium\/","title":{"rendered":"Geranium floral water"},"content":{"rendered":"<p>L&rsquo;eau florale qui est extraite des feuilles et de la tige du g\u00e9ranium se distingue par sa d\u00e9licieuse odeur. Elle fait aussi des miracles en \u00e9liminant l&rsquo;exc\u00e8s de s\u00e9bum et plus g\u00e9n\u00e9ralement en soignant les peaux grasses. Sa teneur en esters terp\u00e9niques lui permet de calmer rougeurs, irritations et autres tiraillements cutan\u00e9s.<\/p>","protected":false},"excerpt":{"rendered":"<p>Sans conservateurs<\/p>\n<p>Distillation \u00e0 la vapeur<\/p>\n<p>100% Naturelle<\/p>","protected":false},"featured_media":7494,"comment_status":"open","ping_status":"closed","template":"","meta":[],"product_brand":[],"product_cat":[33],"product_tag":[],"class_list":{"0":"post-5879","1":"product","2":"type-product","3":"status-publish","4":"has-post-thumbnail","6":"product_cat-eaux-florales-distillees","8":"first","9":"instock","10":"purchasable","11":"product-type-simple"},"supplier_id":5878,"supplier_sku":"","barcode":null,"atum_controlled":true,"out_stock_date":null,"out_stock_threshold":null,"inheritable":false,"inbound_stock":0,"stock_on_hold":0,"sold_today":0,"sales_last_days":0,"reserved_stock":0,"customer_returns":0,"warehouse_damage":0,"lost_in_post":0,"other_logs":0,"out_stock_days":0,"lost_sales":0,"has_location":false,"update_date":"2026-05-12T00:13:08","atum_locations":[],"atum_stock_status":"instock","restock_status":false,"low_stock_amount":2,"sales_update_date":"2026-05-12T00:13:08","calc_backorders":0,"_links":{"self":[{"href":"https:\/\/makhtoum98.tn\/en\/wp-json\/wp\/v2\/product\/5879","targetHints":{"allow":["GET"]}}],"collection":[{"href":"https:\/\/makhtoum98.tn\/en\/wp-json\/wp\/v2\/product"}],"about":[{"href":"https:\/\/makhtoum98.tn\/en\/wp-json\/wp\/v2\/types\/product"}],"replies":[{"embeddable":true,"href":"https:\/\/makhtoum98.tn\/en\/wp-json\/wp\/v2\/comments?post=5879"}],"version-history":[{"count":1,"href":"https:\/\/makhtoum98.tn\/en\/wp-json\/wp\/v2\/product\/5879\/revisions"}],"predecessor-version":[{"id":5882,"href":"https:\/\/makhtoum98.tn\/en\/wp-json\/wp\/v2\/product\/5879\/revisions\/5882"}],"wp:featuredmedia":[{"embeddable":true,"href":"https:\/\/makhtoum98.tn\/en\/wp-json\/wp\/v2\/media\/7494"}],"wp:attachment":[{"href":"https:\/\/makhtoum98.tn\/en\/wp-json\/wp\/v2\/media?parent=5879"}],"wp:term":[{"taxonomy":"product_brand","embeddable":true,"href":"https:\/\/makhtoum98.tn\/en\/wp-json\/wp\/v2\/product_brand?post=5879"},{"taxonomy":"product_cat","embeddable":true,"href":"https:\/\/makhtoum98.tn\/en\/wp-json\/wp\/v2\/product_cat?post=5879"},{"taxonomy":"product_tag","embeddable":true,"href":"https:\/\/makhtoum98.tn\/en\/wp-json\/wp\/v2\/product_tag?post=5879"}],"curies":[{"name":"wp","href":"https:\/\/api.w.org\/{rel}","templated":true}]}}