{"id":5900,"date":"2021-08-16T22:32:34","date_gmt":"2021-08-16T22:32:34","guid":{"rendered":"https:\/\/www.makhtoum98.com\/?post_type=product&#038;p=5900"},"modified":"2024-08-27T09:12:11","modified_gmt":"2024-08-27T09:12:11","slug":"eau-florale-de-rose","status":"publish","type":"product","link":"https:\/\/makhtoum98.tn\/en\/shop\/eau-florale-de-rose\/","title":{"rendered":"Rose floral water"},"content":{"rendered":"<p>L&rsquo;eau de rose est une v\u00e9ritable alli\u00e9e de la peau, qu&rsquo;elle va non seulement assainir, mais aussi tonifier, sans oublier bien s\u00fbr son effet rafra\u00eechissant et son odeur subtile. Astringente, l&rsquo;eau de rose est encore recommand\u00e9e pour les peaux grasses ou \u00e0 tendance acn\u00e9ique. Les peaux matures l&rsquo;appr\u00e9cieront quant \u00e0 elles pour son action antivieillissement. Et comme le bien-\u00eatre int\u00e9rieur participe largement \u00e0 la beaut\u00e9 ext\u00e9rieure, sachez encore qu&rsquo;elle est tr\u00e8s pris\u00e9e en olfactoth\u00e9rapie pour apaiser les tensions et aider \u00e0 trouver la paix int\u00e9rieure.<\/p>","protected":false},"excerpt":{"rendered":"<p>Distill\u00e9e manuellement.<\/p>","protected":false},"featured_media":7496,"comment_status":"open","ping_status":"closed","template":"","meta":[],"product_brand":[],"product_cat":[33],"product_tag":[],"class_list":{"0":"post-5900","1":"product","2":"type-product","3":"status-publish","4":"has-post-thumbnail","6":"product_cat-eaux-florales-distillees","8":"first","9":"instock","10":"purchasable","11":"product-type-simple"},"supplier_id":null,"supplier_sku":"","barcode":null,"atum_controlled":true,"out_stock_date":null,"out_stock_threshold":null,"inheritable":false,"inbound_stock":0,"stock_on_hold":0,"sold_today":0,"sales_last_days":0,"reserved_stock":0,"customer_returns":0,"warehouse_damage":0,"lost_in_post":0,"other_logs":0,"out_stock_days":0,"lost_sales":0,"has_location":false,"update_date":"2026-05-12T00:13:08","atum_locations":[],"atum_stock_status":"instock","restock_status":false,"low_stock_amount":2,"sales_update_date":"2026-05-12T00:13:08","calc_backorders":0,"_links":{"self":[{"href":"https:\/\/makhtoum98.tn\/en\/wp-json\/wp\/v2\/product\/5900","targetHints":{"allow":["GET"]}}],"collection":[{"href":"https:\/\/makhtoum98.tn\/en\/wp-json\/wp\/v2\/product"}],"about":[{"href":"https:\/\/makhtoum98.tn\/en\/wp-json\/wp\/v2\/types\/product"}],"replies":[{"embeddable":true,"href":"https:\/\/makhtoum98.tn\/en\/wp-json\/wp\/v2\/comments?post=5900"}],"version-history":[{"count":2,"href":"https:\/\/makhtoum98.tn\/en\/wp-json\/wp\/v2\/product\/5900\/revisions"}],"predecessor-version":[{"id":5904,"href":"https:\/\/makhtoum98.tn\/en\/wp-json\/wp\/v2\/product\/5900\/revisions\/5904"}],"wp:featuredmedia":[{"embeddable":true,"href":"https:\/\/makhtoum98.tn\/en\/wp-json\/wp\/v2\/media\/7496"}],"wp:attachment":[{"href":"https:\/\/makhtoum98.tn\/en\/wp-json\/wp\/v2\/media?parent=5900"}],"wp:term":[{"taxonomy":"product_brand","embeddable":true,"href":"https:\/\/makhtoum98.tn\/en\/wp-json\/wp\/v2\/product_brand?post=5900"},{"taxonomy":"product_cat","embeddable":true,"href":"https:\/\/makhtoum98.tn\/en\/wp-json\/wp\/v2\/product_cat?post=5900"},{"taxonomy":"product_tag","embeddable":true,"href":"https:\/\/makhtoum98.tn\/en\/wp-json\/wp\/v2\/product_tag?post=5900"}],"curies":[{"name":"wp","href":"https:\/\/api.w.org\/{rel}","templated":true}]}}