{"id":5903,"date":"2021-08-16T22:41:36","date_gmt":"2021-08-16T22:41:36","guid":{"rendered":"https:\/\/www.makhtoum98.com\/?post_type=product&#038;p=5903"},"modified":"2025-12-28T17:06:30","modified_gmt":"2025-12-28T17:06:30","slug":"amande-naturel","status":"publish","type":"product","link":"https:\/\/makhtoum98.tn\/en\/shop\/amande-naturel\/","title":{"rendered":"Natural almond"},"content":{"rendered":"<p>Riche en acides gras insatur\u00e9s ;<\/p>\n<p>Source de prot\u00e9ines v\u00e9g\u00e9tales ;<\/p>\n<p>Aide \u00e0 r\u00e9duire naturellement le taux de cholest\u00e9rol ;<\/p>\n<p>Favorise la sant\u00e9 cardiovasculaire et le transit ;<\/p>\n<p>Excellente source de micronutriments essentiels.<\/p>","protected":false},"excerpt":{"rendered":"<p>Cultiv\u00e9e d&rsquo;une mani\u00e8re traditionnelle.<\/p>","protected":false},"featured_media":5905,"comment_status":"open","ping_status":"closed","template":"","meta":[],"product_brand":[],"product_cat":[22],"product_tag":[],"class_list":{"0":"post-5903","1":"product","2":"type-product","3":"status-publish","4":"has-post-thumbnail","6":"product_cat-produits-de-terroir","8":"first","9":"onbackorder","10":"purchasable","11":"product-type-simple"},"supplier_id":5748,"supplier_sku":"","barcode":null,"atum_controlled":true,"out_stock_date":"2025-12-28 17:06:30","out_stock_threshold":null,"inheritable":false,"inbound_stock":0,"stock_on_hold":0,"sold_today":0,"sales_last_days":0,"reserved_stock":0,"customer_returns":0,"warehouse_damage":0,"lost_in_post":0,"other_logs":0,"out_stock_days":134,"lost_sales":0,"has_location":false,"update_date":"2026-05-12T00:13:08","atum_locations":[],"atum_stock_status":"onbackorder","restock_status":false,"low_stock_amount":2,"sales_update_date":"2026-05-12T00:13:08","calc_backorders":0,"_links":{"self":[{"href":"https:\/\/makhtoum98.tn\/en\/wp-json\/wp\/v2\/product\/5903","targetHints":{"allow":["GET"]}}],"collection":[{"href":"https:\/\/makhtoum98.tn\/en\/wp-json\/wp\/v2\/product"}],"about":[{"href":"https:\/\/makhtoum98.tn\/en\/wp-json\/wp\/v2\/types\/product"}],"replies":[{"embeddable":true,"href":"https:\/\/makhtoum98.tn\/en\/wp-json\/wp\/v2\/comments?post=5903"}],"version-history":[{"count":2,"href":"https:\/\/makhtoum98.tn\/en\/wp-json\/wp\/v2\/product\/5903\/revisions"}],"predecessor-version":[{"id":5944,"href":"https:\/\/makhtoum98.tn\/en\/wp-json\/wp\/v2\/product\/5903\/revisions\/5944"}],"wp:featuredmedia":[{"embeddable":true,"href":"https:\/\/makhtoum98.tn\/en\/wp-json\/wp\/v2\/media\/5905"}],"wp:attachment":[{"href":"https:\/\/makhtoum98.tn\/en\/wp-json\/wp\/v2\/media?parent=5903"}],"wp:term":[{"taxonomy":"product_brand","embeddable":true,"href":"https:\/\/makhtoum98.tn\/en\/wp-json\/wp\/v2\/product_brand?post=5903"},{"taxonomy":"product_cat","embeddable":true,"href":"https:\/\/makhtoum98.tn\/en\/wp-json\/wp\/v2\/product_cat?post=5903"},{"taxonomy":"product_tag","embeddable":true,"href":"https:\/\/makhtoum98.tn\/en\/wp-json\/wp\/v2\/product_tag?post=5903"}],"curies":[{"name":"wp","href":"https:\/\/api.w.org\/{rel}","templated":true}]}}