{"id":5948,"date":"2021-09-01T08:59:28","date_gmt":"2021-09-01T08:59:28","guid":{"rendered":"https:\/\/www.makhtoum98.com\/?post_type=product&#038;p=5948"},"modified":"2026-01-25T08:53:46","modified_gmt":"2026-01-25T08:53:46","slug":"figues-sechees","status":"publish","type":"product","link":"https:\/\/makhtoum98.tn\/en\/shop\/figues-sechees\/","title":{"rendered":"Dried figs"},"content":{"rendered":"<p>De d\u00e9licieuses figues s\u00e9ch\u00e9es de la r\u00e9gion de B\u00e9nikhadech, dans le sud tunisien.<\/p>\n<p>La figue s\u00e9ch\u00e9e est source de tr\u00e8s nombreuses vitamines (A, K, B1, B5, B6\u2026) et min\u00e9raux (calcium, cuivre, fer, mangan\u00e8se, magn\u00e9sium, potassium\u2026).<\/p>\n<p>Elle est excellente pour le c\u0153ur. Elle est connue pour ses effets r\u00e9gulateurs de la pression art\u00e9rielle. Elle est excellente aussi contre les coups de pompe et le stress.<\/p>\n<p>La figue s\u00e9ch\u00e9e est tr\u00e8s riche en antioxydants et en fibres, elle facilite donc la digestion.<\/p>","protected":false},"excerpt":{"rendered":"<p>Les figues sont de la vari\u00e9t\u00e9 \u00ab\u00a0Bayoudhi\u00a0\u00bb et s\u00e9ch\u00e9es naturellement sur l&rsquo;arbre.<\/p>","protected":false},"featured_media":5949,"comment_status":"open","ping_status":"closed","template":"","meta":[],"product_brand":[],"product_cat":[22],"product_tag":[],"class_list":{"0":"post-5948","1":"product","2":"type-product","3":"status-publish","4":"has-post-thumbnail","6":"product_cat-produits-de-terroir","8":"first","9":"instock","10":"shipping-taxable","11":"purchasable","12":"product-type-simple"},"supplier_id":null,"supplier_sku":"","barcode":null,"atum_controlled":true,"out_stock_date":null,"out_stock_threshold":null,"inheritable":false,"inbound_stock":0,"stock_on_hold":0,"sold_today":0,"sales_last_days":0,"reserved_stock":0,"customer_returns":0,"warehouse_damage":0,"lost_in_post":0,"other_logs":0,"out_stock_days":0,"lost_sales":0,"has_location":false,"update_date":"2026-05-12T00:13:08","atum_locations":[],"atum_stock_status":"instock","restock_status":false,"low_stock_amount":5,"sales_update_date":"2026-05-12T00:13:08","calc_backorders":0,"_links":{"self":[{"href":"https:\/\/makhtoum98.tn\/en\/wp-json\/wp\/v2\/product\/5948","targetHints":{"allow":["GET"]}}],"collection":[{"href":"https:\/\/makhtoum98.tn\/en\/wp-json\/wp\/v2\/product"}],"about":[{"href":"https:\/\/makhtoum98.tn\/en\/wp-json\/wp\/v2\/types\/product"}],"replies":[{"embeddable":true,"href":"https:\/\/makhtoum98.tn\/en\/wp-json\/wp\/v2\/comments?post=5948"}],"version-history":[{"count":2,"href":"https:\/\/makhtoum98.tn\/en\/wp-json\/wp\/v2\/product\/5948\/revisions"}],"predecessor-version":[{"id":6593,"href":"https:\/\/makhtoum98.tn\/en\/wp-json\/wp\/v2\/product\/5948\/revisions\/6593"}],"wp:featuredmedia":[{"embeddable":true,"href":"https:\/\/makhtoum98.tn\/en\/wp-json\/wp\/v2\/media\/5949"}],"wp:attachment":[{"href":"https:\/\/makhtoum98.tn\/en\/wp-json\/wp\/v2\/media?parent=5948"}],"wp:term":[{"taxonomy":"product_brand","embeddable":true,"href":"https:\/\/makhtoum98.tn\/en\/wp-json\/wp\/v2\/product_brand?post=5948"},{"taxonomy":"product_cat","embeddable":true,"href":"https:\/\/makhtoum98.tn\/en\/wp-json\/wp\/v2\/product_cat?post=5948"},{"taxonomy":"product_tag","embeddable":true,"href":"https:\/\/makhtoum98.tn\/en\/wp-json\/wp\/v2\/product_tag?post=5948"}],"curies":[{"name":"wp","href":"https:\/\/api.w.org\/{rel}","templated":true}]}}