{"id":6029,"date":"2022-06-05T20:42:21","date_gmt":"2022-06-05T20:42:21","guid":{"rendered":"https:\/\/www.makhtoum98.com\/?post_type=product&#038;p=6029"},"modified":"2024-07-04T08:54:32","modified_gmt":"2024-07-04T08:54:32","slug":"pot-energetique","status":"publish","type":"product","link":"https:\/\/makhtoum98.tn\/en\/shop\/pot-energetique\/","title":{"rendered":"Pot \u00e9nerg\u00e9tique"},"content":{"rendered":"<p>Le pot d&rsquo;\u00e9nergie est riche en tous les \u00e9l\u00e9ments nutritifs qui aident \u00e0 renforcer l&rsquo;activit\u00e9 et l&rsquo;immunit\u00e9 du corps.<\/p>\n<p>Formule naturelle aux fruits secs et au miel de Sidr.<\/p>","protected":false},"excerpt":{"rendered":"<p>Le pot d&rsquo;\u00e9nergie est riche en tous les \u00e9l\u00e9ments nutritifs qui aident \u00e0 renforcer l&rsquo;activit\u00e9 et l&rsquo;immunit\u00e9 du corps. Formule naturelle aux fruits secs et au miel de Sidr.<\/p>","protected":false},"featured_media":6030,"comment_status":"open","ping_status":"closed","template":"","meta":[],"product_brand":[],"product_cat":[22],"product_tag":[],"class_list":{"0":"post-6029","1":"product","2":"type-product","3":"status-publish","4":"has-post-thumbnail","6":"product_cat-produits-de-terroir","8":"first","9":"instock","10":"shipping-taxable","11":"purchasable","12":"product-type-variable","13":"has-default-attributes"},"supplier_id":null,"supplier_sku":"","barcode":null,"atum_controlled":true,"out_stock_date":null,"out_stock_threshold":null,"inheritable":true,"inbound_stock":0,"stock_on_hold":0,"sold_today":0,"sales_last_days":0,"reserved_stock":0,"customer_returns":0,"warehouse_damage":0,"lost_in_post":0,"other_logs":0,"out_stock_days":0,"lost_sales":0,"has_location":false,"update_date":"2026-05-12T00:13:08","atum_locations":[],"atum_stock_status":"instock","restock_status":false,"low_stock_amount":2,"sales_update_date":"2026-05-12T00:13:08","calc_backorders":0,"_links":{"self":[{"href":"https:\/\/makhtoum98.tn\/en\/wp-json\/wp\/v2\/product\/6029","targetHints":{"allow":["GET"]}}],"collection":[{"href":"https:\/\/makhtoum98.tn\/en\/wp-json\/wp\/v2\/product"}],"about":[{"href":"https:\/\/makhtoum98.tn\/en\/wp-json\/wp\/v2\/types\/product"}],"replies":[{"embeddable":true,"href":"https:\/\/makhtoum98.tn\/en\/wp-json\/wp\/v2\/comments?post=6029"}],"version-history":[{"count":4,"href":"https:\/\/makhtoum98.tn\/en\/wp-json\/wp\/v2\/product\/6029\/revisions"}],"predecessor-version":[{"id":6085,"href":"https:\/\/makhtoum98.tn\/en\/wp-json\/wp\/v2\/product\/6029\/revisions\/6085"}],"wp:featuredmedia":[{"embeddable":true,"href":"https:\/\/makhtoum98.tn\/en\/wp-json\/wp\/v2\/media\/6030"}],"wp:attachment":[{"href":"https:\/\/makhtoum98.tn\/en\/wp-json\/wp\/v2\/media?parent=6029"}],"wp:term":[{"taxonomy":"product_brand","embeddable":true,"href":"https:\/\/makhtoum98.tn\/en\/wp-json\/wp\/v2\/product_brand?post=6029"},{"taxonomy":"product_cat","embeddable":true,"href":"https:\/\/makhtoum98.tn\/en\/wp-json\/wp\/v2\/product_cat?post=6029"},{"taxonomy":"product_tag","embeddable":true,"href":"https:\/\/makhtoum98.tn\/en\/wp-json\/wp\/v2\/product_tag?post=6029"}],"curies":[{"name":"wp","href":"https:\/\/api.w.org\/{rel}","templated":true}]}}