{"id":6037,"date":"2022-06-06T10:11:23","date_gmt":"2022-06-06T10:11:23","guid":{"rendered":"https:\/\/www.makhtoum98.com\/?post_type=product&#038;p=6037"},"modified":"2022-06-06T10:42:06","modified_gmt":"2022-06-06T10:42:06","slug":"pack-1-etudiant","status":"publish","type":"product","link":"https:\/\/makhtoum98.tn\/en\/shop\/pack-1-etudiant\/","title":{"rendered":"Pack 1 \u00ab\u00a0Etudiant\u00a0\u00bb"},"content":{"rendered":"<p>Le pack 1 \u00ab\u00a0Etudiant\u00a0\u00bb pour les \u00e9tudiants et les \u00e9l\u00e8ves contient tous les \u00e9l\u00e9ments nutritionnels dont un \u00e9tudiant a besoin pour am\u00e9liorer la concentration et la production intellectuelle. Contient trois produits naturels des produits Makhtoum:<\/p>\n<p>Pot \u00e9nerg\u00e9tique compos\u00e9 du miel de Sidr et de fruits secs<br \/>\nCaf\u00e9 Makhtoum pour augmenter la concentration et l&rsquo;activit\u00e9.<br \/>\nGranola est un Plat complet et sain enrichi de fruits secs et de l&rsquo;avoine pour le petit d\u00e9jeuner.<\/p>","protected":false},"excerpt":{"rendered":"<p>Pot \u00e9nerg\u00e9tique compos\u00e9 du miel de Sidr et de fruits secs<br \/>\nCaf\u00e9 Makhtoum pour augmenter la concentration et l&rsquo;activit\u00e9.<br \/>\nGranola est un Plat complet et sain enrichi de fruits secs et de l&rsquo;avoine pour le petit d\u00e9jeuner<\/p>","protected":false},"featured_media":6038,"comment_status":"open","ping_status":"closed","template":"","meta":[],"product_brand":[],"product_cat":[35],"product_tag":[],"class_list":{"0":"post-6037","1":"product","2":"type-product","3":"status-publish","4":"has-post-thumbnail","6":"product_cat-coffrets","8":"first","9":"instock","10":"sale","11":"purchasable","12":"product-type-simple"},"supplier_id":null,"supplier_sku":"","barcode":null,"atum_controlled":true,"out_stock_date":null,"out_stock_threshold":null,"inheritable":false,"inbound_stock":0,"stock_on_hold":0,"sold_today":0,"sales_last_days":0,"reserved_stock":0,"customer_returns":0,"warehouse_damage":0,"lost_in_post":0,"other_logs":0,"out_stock_days":0,"lost_sales":0,"has_location":false,"update_date":"2026-05-12T00:13:07","atum_locations":[],"atum_stock_status":"instock","restock_status":false,"low_stock_amount":"","sales_update_date":"2026-05-12T00:13:07","calc_backorders":null,"_links":{"self":[{"href":"https:\/\/makhtoum98.tn\/en\/wp-json\/wp\/v2\/product\/6037","targetHints":{"allow":["GET"]}}],"collection":[{"href":"https:\/\/makhtoum98.tn\/en\/wp-json\/wp\/v2\/product"}],"about":[{"href":"https:\/\/makhtoum98.tn\/en\/wp-json\/wp\/v2\/types\/product"}],"replies":[{"embeddable":true,"href":"https:\/\/makhtoum98.tn\/en\/wp-json\/wp\/v2\/comments?post=6037"}],"version-history":[{"count":4,"href":"https:\/\/makhtoum98.tn\/en\/wp-json\/wp\/v2\/product\/6037\/revisions"}],"predecessor-version":[{"id":6046,"href":"https:\/\/makhtoum98.tn\/en\/wp-json\/wp\/v2\/product\/6037\/revisions\/6046"}],"wp:featuredmedia":[{"embeddable":true,"href":"https:\/\/makhtoum98.tn\/en\/wp-json\/wp\/v2\/media\/6038"}],"wp:attachment":[{"href":"https:\/\/makhtoum98.tn\/en\/wp-json\/wp\/v2\/media?parent=6037"}],"wp:term":[{"taxonomy":"product_brand","embeddable":true,"href":"https:\/\/makhtoum98.tn\/en\/wp-json\/wp\/v2\/product_brand?post=6037"},{"taxonomy":"product_cat","embeddable":true,"href":"https:\/\/makhtoum98.tn\/en\/wp-json\/wp\/v2\/product_cat?post=6037"},{"taxonomy":"product_tag","embeddable":true,"href":"https:\/\/makhtoum98.tn\/en\/wp-json\/wp\/v2\/product_tag?post=6037"}],"curies":[{"name":"wp","href":"https:\/\/api.w.org\/{rel}","templated":true}]}}