{"id":6041,"date":"2022-06-06T10:20:17","date_gmt":"2022-06-06T10:20:17","guid":{"rendered":"https:\/\/www.makhtoum98.com\/?post_type=product&#038;p=6041"},"modified":"2022-06-12T17:38:59","modified_gmt":"2022-06-12T17:38:59","slug":"pack-2-etudiant","status":"publish","type":"product","link":"https:\/\/makhtoum98.tn\/en\/shop\/pack-2-etudiant\/","title":{"rendered":"Pack 2 Etudiant"},"content":{"rendered":"<p>Notre deuxi\u00e8me Pack \u00ab\u00a0Etudiant\u00a0\u00bb pour les \u00e9tudiants et les \u00e9l\u00e8ves contient tous les \u00e9l\u00e9ments nutritionnels dont un \u00e9tudiant a besoin pour am\u00e9liorer la concentration et la production intellectuelle. Contient trois produits naturels des produits Makhtoum:<\/p>\n<p>Miel naturel de thym pour faciliter la r\u00e9cup\u00e9ration physique<br \/>\nCaf\u00e9 Makhtoum pour augmenter la concentration et l&rsquo;activit\u00e9.<br \/>\nZrir aux fruits secs \u00e0 base de miel et beure naturel est un Plat complet et sain pour le petit d\u00e9jeuner.<\/p>","protected":false},"excerpt":{"rendered":"<p>Miel naturel de thym pour faciliter la r\u00e9cup\u00e9ration physique<br \/>\nCaf\u00e9 Makhtoum pour augmenter la concentration et l&rsquo;activit\u00e9.<br \/>\nZrir aux fruits secs \u00e0 base de miel et beure naturel est un Plat complet et sain pour le petit d\u00e9jeuner.<\/p>","protected":false},"featured_media":6049,"comment_status":"open","ping_status":"closed","template":"","meta":[],"product_brand":[],"product_cat":[35],"product_tag":[],"class_list":{"0":"post-6041","1":"product","2":"type-product","3":"status-publish","4":"has-post-thumbnail","6":"product_cat-coffrets","8":"first","9":"instock","10":"sale","11":"shipping-taxable","12":"purchasable","13":"product-type-simple"},"supplier_id":null,"supplier_sku":"","barcode":null,"atum_controlled":true,"out_stock_date":null,"out_stock_threshold":null,"inheritable":false,"inbound_stock":0,"stock_on_hold":0,"sold_today":0,"sales_last_days":0,"reserved_stock":0,"customer_returns":0,"warehouse_damage":0,"lost_in_post":0,"other_logs":0,"out_stock_days":0,"lost_sales":0,"has_location":false,"update_date":"2026-05-12T00:13:08","atum_locations":[],"atum_stock_status":"instock","restock_status":false,"low_stock_amount":"","sales_update_date":"2026-05-12T00:13:08","calc_backorders":null,"_links":{"self":[{"href":"https:\/\/makhtoum98.tn\/en\/wp-json\/wp\/v2\/product\/6041","targetHints":{"allow":["GET"]}}],"collection":[{"href":"https:\/\/makhtoum98.tn\/en\/wp-json\/wp\/v2\/product"}],"about":[{"href":"https:\/\/makhtoum98.tn\/en\/wp-json\/wp\/v2\/types\/product"}],"replies":[{"embeddable":true,"href":"https:\/\/makhtoum98.tn\/en\/wp-json\/wp\/v2\/comments?post=6041"}],"version-history":[{"count":1,"href":"https:\/\/makhtoum98.tn\/en\/wp-json\/wp\/v2\/product\/6041\/revisions"}],"predecessor-version":[{"id":6043,"href":"https:\/\/makhtoum98.tn\/en\/wp-json\/wp\/v2\/product\/6041\/revisions\/6043"}],"wp:featuredmedia":[{"embeddable":true,"href":"https:\/\/makhtoum98.tn\/en\/wp-json\/wp\/v2\/media\/6049"}],"wp:attachment":[{"href":"https:\/\/makhtoum98.tn\/en\/wp-json\/wp\/v2\/media?parent=6041"}],"wp:term":[{"taxonomy":"product_brand","embeddable":true,"href":"https:\/\/makhtoum98.tn\/en\/wp-json\/wp\/v2\/product_brand?post=6041"},{"taxonomy":"product_cat","embeddable":true,"href":"https:\/\/makhtoum98.tn\/en\/wp-json\/wp\/v2\/product_cat?post=6041"},{"taxonomy":"product_tag","embeddable":true,"href":"https:\/\/makhtoum98.tn\/en\/wp-json\/wp\/v2\/product_tag?post=6041"}],"curies":[{"name":"wp","href":"https:\/\/api.w.org\/{rel}","templated":true}]}}