{"id":6052,"date":"2022-06-13T18:37:44","date_gmt":"2022-06-13T18:37:44","guid":{"rendered":"https:\/\/www.makhtoum98.com\/?post_type=product&#038;p=6052"},"modified":"2025-12-28T17:21:43","modified_gmt":"2025-12-28T17:21:43","slug":"le-melasse-de-dattes","status":"publish","type":"product","link":"https:\/\/makhtoum98.tn\/en\/shop\/le-melasse-de-dattes\/","title":{"rendered":"Le m\u00e9lasse de dattes"},"content":{"rendered":"<p>Le m\u00e9lasse de dattes conserve donc toutes les propri\u00e9t\u00e9s nutritives et min\u00e9raux associ\u00e9s au fruit de la datte notamment le potassium, qui intervient dans la contraction musculaire, le magn\u00e9sium un anti stress reconnu, le fer qui nous aide \u00e0 combattre la fatigue et le calcium important pour la solidit\u00e9 osseuse.<\/p>","protected":false},"excerpt":{"rendered":"<p>Le m\u00e9lasse de dattes conserve donc toutes les propri\u00e9t\u00e9s nutritives et min\u00e9raux associ\u00e9s au fruit de la datte notamment le potassium, qui intervient dans la contraction musculaire, le magn\u00e9sium un anti stress reconnu, le fer qui nous aide \u00e0 combattre la fatigue et le calcium important pour la solidit\u00e9 osseuse.<\/p>","protected":false},"featured_media":6054,"comment_status":"open","ping_status":"closed","template":"","meta":[],"product_brand":[],"product_cat":[22],"product_tag":[],"class_list":{"0":"post-6052","1":"product","2":"type-product","3":"status-publish","4":"has-post-thumbnail","6":"product_cat-produits-de-terroir","8":"first","9":"instock","10":"sale","11":"shipping-taxable","12":"purchasable","13":"product-type-variable"},"supplier_id":null,"supplier_sku":"","barcode":null,"atum_controlled":true,"out_stock_date":null,"out_stock_threshold":null,"inheritable":true,"inbound_stock":0,"stock_on_hold":0,"sold_today":0,"sales_last_days":0,"reserved_stock":0,"customer_returns":0,"warehouse_damage":0,"lost_in_post":0,"other_logs":0,"out_stock_days":0,"lost_sales":0,"has_location":false,"update_date":"2026-05-12T00:13:08","atum_locations":[],"atum_stock_status":"instock","restock_status":false,"low_stock_amount":"","sales_update_date":"2026-05-12T00:13:08","calc_backorders":null,"_links":{"self":[{"href":"https:\/\/makhtoum98.tn\/en\/wp-json\/wp\/v2\/product\/6052","targetHints":{"allow":["GET"]}}],"collection":[{"href":"https:\/\/makhtoum98.tn\/en\/wp-json\/wp\/v2\/product"}],"about":[{"href":"https:\/\/makhtoum98.tn\/en\/wp-json\/wp\/v2\/types\/product"}],"replies":[{"embeddable":true,"href":"https:\/\/makhtoum98.tn\/en\/wp-json\/wp\/v2\/comments?post=6052"}],"version-history":[{"count":1,"href":"https:\/\/makhtoum98.tn\/en\/wp-json\/wp\/v2\/product\/6052\/revisions"}],"predecessor-version":[{"id":6055,"href":"https:\/\/makhtoum98.tn\/en\/wp-json\/wp\/v2\/product\/6052\/revisions\/6055"}],"wp:featuredmedia":[{"embeddable":true,"href":"https:\/\/makhtoum98.tn\/en\/wp-json\/wp\/v2\/media\/6054"}],"wp:attachment":[{"href":"https:\/\/makhtoum98.tn\/en\/wp-json\/wp\/v2\/media?parent=6052"}],"wp:term":[{"taxonomy":"product_brand","embeddable":true,"href":"https:\/\/makhtoum98.tn\/en\/wp-json\/wp\/v2\/product_brand?post=6052"},{"taxonomy":"product_cat","embeddable":true,"href":"https:\/\/makhtoum98.tn\/en\/wp-json\/wp\/v2\/product_cat?post=6052"},{"taxonomy":"product_tag","embeddable":true,"href":"https:\/\/makhtoum98.tn\/en\/wp-json\/wp\/v2\/product_tag?post=6052"}],"curies":[{"name":"wp","href":"https:\/\/api.w.org\/{rel}","templated":true}]}}