{"id":7183,"date":"2024-06-20T14:25:13","date_gmt":"2024-06-20T14:25:13","guid":{"rendered":"https:\/\/makhtoum98.tn\/?post_type=product&#038;p=7183"},"modified":"2024-09-16T10:32:38","modified_gmt":"2024-09-16T10:32:38","slug":"immersion-dans-la-tradition-culinaire-du-sud-est-tunisien-demi-journee","status":"publish","type":"product","link":"https:\/\/makhtoum98.tn\/en\/shop\/immersion-dans-la-tradition-culinaire-du-sud-est-tunisien-demi-journee\/","title":{"rendered":"Immersion dans la Tradition Culinaire du Sud-Est Tunisien &#8211; Demi journ\u00e9e"},"content":{"rendered":"<div data-elementor-type=\"wp-post\" data-elementor-id=\"7183\" class=\"elementor elementor-7183\">\n\t\t\t\t        <section class=\"elementor-section elementor-top-section elementor-element elementor-element-60dfd459 elementor-section-boxed elementor-section-height-default elementor-section-height-default\" data-id=\"60dfd459\" data-element_type=\"section\" data-e-type=\"section\">\n            \n                        <div class=\"elementor-container elementor-column-gap-default\">\n                    <div class=\"elementor-column elementor-col-100 elementor-top-column elementor-element elementor-element-140119e4\" data-id=\"140119e4\" data-element_type=\"column\" data-e-type=\"column\">\n        <div class=\"elementor-widget-wrap elementor-element-populated\">\n                    \n        \t\t<div class=\"elementor-element elementor-element-1d7ca3f4 elementor-widget elementor-widget-text-editor\" data-id=\"1d7ca3f4\" data-element_type=\"widget\" data-e-type=\"widget\" data-widget_type=\"text-editor.default\">\n\t\t\t\t<div class=\"elementor-widget-container\">\n\t\t\t\t\t\t\t\t\t<p><strong>D\u00e9tails de l&rsquo;Atelier :<\/strong><\/p><p>Accueil par des Femmes Artisanes : Soyez chaleureusement accueillis par des artisanes locales qui partageront avec vous leur savoir-faire ancestral.<br \/>Ambiance Sp\u00e9ciale et Authentique : Profitez d&rsquo;une atmosph\u00e8re unique et authentique, impr\u00e9gn\u00e9e de la culture et des traditions locales.<br \/>Th\u00e9 et Caf\u00e9 Traditionnels : D\u00e9gustez des boissons traditionnelles tout en vous impr\u00e9gnant de l&rsquo;ambiance conviviale de l&rsquo;atelier.<br \/>D\u00e9gustation des Produits Pr\u00e9par\u00e9s : Savourez les produits que vous aurez pr\u00e9par\u00e9s, pour une exp\u00e9rience gustative compl\u00e8te.<\/p><h4 class=\"woocommerce-product--title\" style=\"box-sizing: inherit; margin-bottom: 9px; text-align: left;\"><a style=\"box-sizing: inherit; color: var(--primary-color);\" href=\"https:\/\/makhtoum98.tn\/en\/shop\/immersion-dans-la-tradition-culinaire-du-sud-est-tunisien-journee-complete-deux-jours\/\">Immersion dans la Tradition Culinaire du Sud-Est Tunisien \u2013 Journ\u00e9e compl\u00e8te ou s\u00e9jour de deux jours<\/a><\/h4>\t\t\t\t\t\t\t\t<\/div>\n\t\t\t\t<\/div>\n\t\t            <\/div>\n        <\/div>\n                    <\/div>\n        <\/section>\n        \t\t<\/div>","protected":false},"excerpt":{"rendered":"<p><span style=\"font-weight: 400;\">Plongez au c\u0153ur de la tradition culinaire du Sud-Est tunisien en participant \u00e0 notre atelier de production de produits de terroir sur demande. D\u00e9couvrez et apprenez \u00e0 pr\u00e9parer des sp\u00e9cialit\u00e9s locales telles que le Hrouss et la Besissa, ainsi que d&rsquo;autres produits embl\u00e9matiques de la r\u00e9gion.<\/span><\/p>","protected":false},"featured_media":6528,"comment_status":"open","ping_status":"closed","template":"","meta":[],"product_brand":[],"product_cat":[15],"product_tag":[],"class_list":{"0":"post-7183","1":"product","2":"type-product","3":"status-publish","4":"has-post-thumbnail","6":"product_cat-uncategorized","8":"first","9":"instock","10":"sold-individually","11":"shipping-taxable","12":"purchasable","13":"product-type-simple"},"supplier_id":null,"supplier_sku":"","barcode":null,"atum_controlled":true,"out_stock_date":null,"out_stock_threshold":null,"inheritable":false,"inbound_stock":0,"stock_on_hold":0,"sold_today":0,"sales_last_days":0,"reserved_stock":0,"customer_returns":0,"warehouse_damage":0,"lost_in_post":0,"other_logs":0,"out_stock_days":0,"lost_sales":0,"has_location":false,"update_date":"2026-05-12T00:13:14","atum_locations":[],"atum_stock_status":"instock","restock_status":false,"low_stock_amount":"","sales_update_date":"2026-05-12T00:13:14","calc_backorders":null,"_links":{"self":[{"href":"https:\/\/makhtoum98.tn\/en\/wp-json\/wp\/v2\/product\/7183","targetHints":{"allow":["GET"]}}],"collection":[{"href":"https:\/\/makhtoum98.tn\/en\/wp-json\/wp\/v2\/product"}],"about":[{"href":"https:\/\/makhtoum98.tn\/en\/wp-json\/wp\/v2\/types\/product"}],"replies":[{"embeddable":true,"href":"https:\/\/makhtoum98.tn\/en\/wp-json\/wp\/v2\/comments?post=7183"}],"version-history":[{"count":5,"href":"https:\/\/makhtoum98.tn\/en\/wp-json\/wp\/v2\/product\/7183\/revisions"}],"predecessor-version":[{"id":7511,"href":"https:\/\/makhtoum98.tn\/en\/wp-json\/wp\/v2\/product\/7183\/revisions\/7511"}],"wp:featuredmedia":[{"embeddable":true,"href":"https:\/\/makhtoum98.tn\/en\/wp-json\/wp\/v2\/media\/6528"}],"wp:attachment":[{"href":"https:\/\/makhtoum98.tn\/en\/wp-json\/wp\/v2\/media?parent=7183"}],"wp:term":[{"taxonomy":"product_brand","embeddable":true,"href":"https:\/\/makhtoum98.tn\/en\/wp-json\/wp\/v2\/product_brand?post=7183"},{"taxonomy":"product_cat","embeddable":true,"href":"https:\/\/makhtoum98.tn\/en\/wp-json\/wp\/v2\/product_cat?post=7183"},{"taxonomy":"product_tag","embeddable":true,"href":"https:\/\/makhtoum98.tn\/en\/wp-json\/wp\/v2\/product_tag?post=7183"}],"curies":[{"name":"wp","href":"https:\/\/api.w.org\/{rel}","templated":true}]}}