{"id":7339,"date":"2024-07-11T11:49:30","date_gmt":"2024-07-11T11:49:30","guid":{"rendered":"https:\/\/makhtoum98.tn\/?post_type=product&#038;p=7339"},"modified":"2026-04-20T19:00:00","modified_gmt":"2026-04-20T19:00:00","slug":"tomate-poudre","status":"publish","type":"product","link":"https:\/\/makhtoum98.tn\/en\/shop\/tomate-poudre\/","title":{"rendered":"Tomate poudre"},"content":{"rendered":"<p><span style=\"font-weight: 400;\">Tomate en poudre artisanale Makhtoum, un ingr\u00e9dient authentique inspir\u00e9 du terroir tunisien, \u00e9labor\u00e9 selon un proc\u00e9d\u00e9 traditionnel qui pr\u00e9serve toute la richesse naturelle de la tomate.<\/span><\/p>\n<p><span style=\"font-weight: 400;\">Pr\u00e9par\u00e9e \u00e0 partir de tomates m\u00fbres soigneusement s\u00e9lectionn\u00e9es, s\u00e9ch\u00e9es naturellement puis finement moulues, cette poudre offre une saveur intense, l\u00e9g\u00e8rement sucr\u00e9e et parfaitement \u00e9quilibr\u00e9e, rappelant le go\u00fbt de la tomate fra\u00eeche concentr\u00e9e.<\/span><\/p>\n<p><span style=\"font-weight: 400;\">Riche en nutriments naturels, en antioxydants et en saveur, la tomate en poudre est id\u00e9ale pour :<\/span><span style=\"font-weight: 400;\"><br \/>\n<\/span><span style=\"font-weight: 400;\"> \u2714 Sauces et p\u00e2tes<\/span><span style=\"font-weight: 400;\"><br \/>\n<\/span><span style=\"font-weight: 400;\"> \u2714 Soupes\u00a0<\/span><span style=\"font-weight: 400;\"><br \/>\n<\/span><span style=\"font-weight: 400;\"> \u2714 Riz et plats mijot\u00e9s<\/span><span style=\"font-weight: 400;\"><br \/>\n<\/span><span style=\"font-weight: 400;\"> \u2714 Marinades et assaisonnements<\/span><\/p>\n<p><span style=\"font-weight: 400;\">\u00c0 utiliser :<\/span><span style=\"font-weight: 400;\"><br \/>\n<\/span><span style=\"font-weight: 400;\"> \u2714 Dilu\u00e9e dans l\u2019eau pour une sauce tomate rapide<\/span><span style=\"font-weight: 400;\"><br \/>\n<\/span><span style=\"font-weight: 400;\"> \u2714 Directement dans vos plats pour intensifier le go\u00fbt<\/span><span style=\"font-weight: 400;\"><br \/>\n<\/span><span style=\"font-weight: 400;\"> \u2714 Comme assaisonnement naturel<\/span><\/p>","protected":false},"excerpt":{"rendered":"<ul>\n<li>100 % naturelle<\/li>\n<li>sans conservateurs<\/li>\n<li>sans additifs<\/li>\n<\/ul>","protected":false},"featured_media":7340,"comment_status":"open","ping_status":"closed","template":"","meta":[],"product_brand":[],"product_cat":[22],"product_tag":[],"class_list":{"0":"post-7339","1":"product","2":"type-product","3":"status-publish","4":"has-post-thumbnail","6":"product_cat-produits-de-terroir","8":"first","9":"instock","10":"sale","11":"shipping-taxable","12":"purchasable","13":"product-type-simple"},"supplier_id":null,"supplier_sku":"","barcode":null,"atum_controlled":true,"out_stock_date":null,"out_stock_threshold":null,"inheritable":false,"inbound_stock":0,"stock_on_hold":0,"sold_today":0,"sales_last_days":0,"reserved_stock":0,"customer_returns":0,"warehouse_damage":0,"lost_in_post":0,"other_logs":0,"out_stock_days":0,"lost_sales":0,"has_location":false,"update_date":"2026-05-12T00:13:14","atum_locations":[],"atum_stock_status":"instock","restock_status":false,"low_stock_amount":"","sales_update_date":"2026-05-12T00:13:14","calc_backorders":null,"_links":{"self":[{"href":"https:\/\/makhtoum98.tn\/en\/wp-json\/wp\/v2\/product\/7339","targetHints":{"allow":["GET"]}}],"collection":[{"href":"https:\/\/makhtoum98.tn\/en\/wp-json\/wp\/v2\/product"}],"about":[{"href":"https:\/\/makhtoum98.tn\/en\/wp-json\/wp\/v2\/types\/product"}],"replies":[{"embeddable":true,"href":"https:\/\/makhtoum98.tn\/en\/wp-json\/wp\/v2\/comments?post=7339"}],"version-history":[{"count":3,"href":"https:\/\/makhtoum98.tn\/en\/wp-json\/wp\/v2\/product\/7339\/revisions"}],"predecessor-version":[{"id":7639,"href":"https:\/\/makhtoum98.tn\/en\/wp-json\/wp\/v2\/product\/7339\/revisions\/7639"}],"wp:featuredmedia":[{"embeddable":true,"href":"https:\/\/makhtoum98.tn\/en\/wp-json\/wp\/v2\/media\/7340"}],"wp:attachment":[{"href":"https:\/\/makhtoum98.tn\/en\/wp-json\/wp\/v2\/media?parent=7339"}],"wp:term":[{"taxonomy":"product_brand","embeddable":true,"href":"https:\/\/makhtoum98.tn\/en\/wp-json\/wp\/v2\/product_brand?post=7339"},{"taxonomy":"product_cat","embeddable":true,"href":"https:\/\/makhtoum98.tn\/en\/wp-json\/wp\/v2\/product_cat?post=7339"},{"taxonomy":"product_tag","embeddable":true,"href":"https:\/\/makhtoum98.tn\/en\/wp-json\/wp\/v2\/product_tag?post=7339"}],"curies":[{"name":"wp","href":"https:\/\/api.w.org\/{rel}","templated":true}]}}